{"id":22,"date":"2020-02-27T11:01:06","date_gmt":"2020-02-27T10:01:06","guid":{"rendered":"http:\/\/www.neu-kaliss.de\/museum\/?page_id=22"},"modified":"2022-11-07T10:34:50","modified_gmt":"2022-11-07T09:34:50","slug":"angebote","status":"publish","type":"page","link":"https:\/\/www.neu-kaliss.de\/museum\/angebote\/","title":{"rendered":"Angebote"},"content":{"rendered":"<section class=\"wpb-content-wrapper\"><p>[vc_row full_width=&#8220;stretch_row_content_no_spaces&#8220;][vc_column el_class=&#8220;headerslider&#8220;][vc_single_image image=&#8220;88&#8243; img_size=&#8220;full&#8220; el_class=&#8220;minh&#8220;][\/vc_column][\/vc_row][vc_row full_width=&#8220;stretch_row_content_no_spaces&#8220; el_class=&#8220;frunze angebote&#8220;][vc_column][vc_row_inner css=&#8220;.vc_custom_1583228630606{padding-top: 5% !important;padding-bottom: 0px !important;}&#8220;][vc_column_inner width=&#8220;1\/4&#8243;][\/vc_column_inner][vc_column_inner width=&#8220;1\/2&#8243;][vc_custom_heading text=&#8220;ENTDECKEN SIE &#8230;&#8220; font_container=&#8220;tag:h1|text_align:left|color:%23005250&#8243; use_theme_fonts=&#8220;yes&#8220;][vc_column_text]Die Exponate des heimatkundlichen Regionalmuseums gliedern sich in drei separate und doch zusammenh\u00e4ngende Teile:<\/p>\n<p>Fundst\u00fccke und erkl\u00e4rende Texttafeln zur wechselhaften <strong>Geschichte der Papierfabrikation<\/strong> in Neu-Kali\u00df, Fundst\u00fccke zur <strong>Geschichte des Bergbaus<\/strong> in Malli\u00df und im Bereich des Wanzeberges, und in eine umfangreiche <strong>geologische Gesteinssammlung.<\/strong>[\/vc_column_text][\/vc_column_inner][vc_column_inner width=&#8220;1\/4&#8243;][\/vc_column_inner][\/vc_row_inner][vc_row_inner css=&#8220;.vc_custom_1583238942957{padding-top: 0px !important;padding-bottom: 0px !important;}&#8220; el_class=&#8220;leisten&#8220;][vc_column_inner el_class=&#8220;linieinhalt&#8220; width=&#8220;3\/4&#8243;][vc_separator color=&#8220;custom&#8220; align=&#8220;align_left&#8220; css_animation=&#8220;slideInLeft&#8220; accent_color=&#8220;#005250&#8243;][vc_custom_heading text=&#8220;DAUERAUSSTELLUNG&#8220; font_container=&#8220;tag:h2|text_align:right|color:%23005250&#8243; use_theme_fonts=&#8220;yes&#8220;][vc_column_text]<img decoding=\"async\" loading=\"lazy\" class=\"alignleft wp-image-126 size-full\" src=\"http:\/\/www.neu-kaliss.de\/museum\/wp-content\/uploads\/2020\/03\/angebote1.jpg\" alt=\"\" width=\"890\" height=\"612\" srcset=\"https:\/\/www.neu-kaliss.de\/museum\/wp-content\/uploads\/2020\/03\/angebote1.jpg 890w, https:\/\/www.neu-kaliss.de\/museum\/wp-content\/uploads\/2020\/03\/angebote1-800x550.jpg 800w, https:\/\/www.neu-kaliss.de\/museum\/wp-content\/uploads\/2020\/03\/angebote1-768x528.jpg 768w\" sizes=\"(max-width: 890px) 100vw, 890px\" \/>Dauerausstellung zur Geschichte der Papierfabrik Neu Kali\u00df, zu Geologie und Bergbau sowie zum Landschaftsschutzgebiet Wanzeberg.<\/p>\n<p>Die Ausstellungsst\u00fccke zu der Firma \u201eFelix Schoeller &amp; Bausch\u201c (1871 bis 1950) in Neu Kali\u00df vermitteln anschaulich die Gr\u00fcndung und den Aufbau der Papierfabrik durch die Unternehmer der Familie Bausch und die damit verbundene Entwicklung eines kleinen Dorfes zu einem florierenden Industriedorf.<\/p>\n<p>Die Sammelst\u00fccke zum Braunkohlebergbau in Malli\u00df (u.a. Rekonstuktion eines Bergwerkschachts), zur Salzgewinnung, zur Glasherstellung und zur Entwicklung der Ziegelei werden durch gut lesbare, wissenschaftlich fundierte Erkl\u00e4rungstexte erg\u00e4nzt.[\/vc_column_text][\/vc_column_inner][vc_column_inner width=&#8220;1\/4&#8243;][\/vc_column_inner][\/vc_row_inner][vc_row_inner css=&#8220;.vc_custom_1583238956651{padding-top: 0px !important;padding-bottom: 0px !important;}&#8220; el_class=&#8220;leisten2&#8243;][vc_column_inner width=&#8220;1\/4&#8243;][\/vc_column_inner][vc_column_inner el_class=&#8220;linieinhaltr&#8220; width=&#8220;3\/4&#8243;][vc_empty_space height=&#8220;52px&#8220;][vc_separator color=&#8220;custom&#8220; align=&#8220;align_right&#8220; css_animation=&#8220;slideInRight&#8220; accent_color=&#8220;#005250&#8243;][vc_custom_heading text=&#8220;WECHSELNDE AUSSTELLUNG&#8220; font_container=&#8220;tag:h2|text_align:left|color:%23005250&#8243; use_theme_fonts=&#8220;yes&#8220;][vc_column_text]<img decoding=\"async\" loading=\"lazy\" class=\"alignright size-full wp-image-134\" src=\"http:\/\/www.neu-kaliss.de\/museum\/wp-content\/uploads\/2020\/03\/angebote2.jpg\" alt=\"\" width=\"893\" height=\"450\" srcset=\"https:\/\/www.neu-kaliss.de\/museum\/wp-content\/uploads\/2020\/03\/angebote2.jpg 893w, https:\/\/www.neu-kaliss.de\/museum\/wp-content\/uploads\/2020\/03\/angebote2-800x403.jpg 800w, https:\/\/www.neu-kaliss.de\/museum\/wp-content\/uploads\/2020\/03\/angebote2-768x387.jpg 768w\" sizes=\"(max-width: 893px) 100vw, 893px\" \/>im Bereich Grafik, Fotografie und Malerei.<\/p>\n<p>Sind Sie K\u00fcnstler oder Aussteller und m\u00f6chten die wechselnden Ausstellungen des Regionalmuseums erweitern? Setzen Sie sich gern mit uns in <a href=\"http:\/\/www.neu-kaliss.de\/museum\/oeffnungszeiten-kontakt\/\">Verbindung<\/a>![\/vc_column_text][\/vc_column_inner][\/vc_row_inner][vc_row_inner css=&#8220;.vc_custom_1583238963731{padding-top: 0px !important;padding-bottom: 0px !important;}&#8220; el_class=&#8220;leisten3&#8243;][vc_column_inner el_class=&#8220;linieinhalt&#8220; width=&#8220;3\/4&#8243;][vc_empty_space height=&#8220;52px&#8220;][vc_separator color=&#8220;custom&#8220; align=&#8220;align_left&#8220; css_animation=&#8220;slideInLeft&#8220; accent_color=&#8220;#005250&#8243;][vc_custom_heading text=&#8220;F\u00dcHRUNGEN&#8220; font_container=&#8220;tag:h2|text_align:right|color:%23005250&#8243; use_theme_fonts=&#8220;yes&#8220;][vc_column_text]<img decoding=\"async\" loading=\"lazy\" class=\"alignleft size-full wp-image-136\" src=\"http:\/\/www.neu-kaliss.de\/museum\/wp-content\/uploads\/2020\/03\/angebote3.jpg\" alt=\"\" width=\"888\" height=\"811\" srcset=\"https:\/\/www.neu-kaliss.de\/museum\/wp-content\/uploads\/2020\/03\/angebote3.jpg 888w, https:\/\/www.neu-kaliss.de\/museum\/wp-content\/uploads\/2020\/03\/angebote3-800x731.jpg 800w, https:\/\/www.neu-kaliss.de\/museum\/wp-content\/uploads\/2020\/03\/angebote3-768x701.jpg 768w\" sizes=\"(max-width: 888px) 100vw, 888px\" \/>Ob \u00f6ffentliche F\u00fchrung oder ganz individuell: Wir freuen uns auf Ihren Besuch.<\/p>\n<p>Setzen Sie sich gern mit uns in Verbindung, um alles Weitere zu besprechen.<\/p>\n<p>Die Leiterin des Regionalmuseums, Frau Karin Koch, freut sich auf Ihren Anruf unter <a href=\"tel:+4901722036226\">0172 \/ 20 36 226<\/a>.[\/vc_column_text][\/vc_column_inner][vc_column_inner width=&#8220;1\/4&#8243;][\/vc_column_inner][\/vc_row_inner][vc_empty_space height=&#8220;132px&#8220;][\/vc_column][\/vc_row][vc_row full_width=&#8220;stretch_row&#8220; css=&#8220;.vc_custom_1583236480303{padding-top: 1% !important;padding-right: 0px !important;padding-bottom: 1% !important;padding-left: 0px !important;background-color: #bbbdbb !important;}&#8220; el_class=&#8220;linie&#8220;][vc_column][vc_row_inner css=&#8220;.vc_custom_1583220440069{margin-right: -30px !important;margin-left: -30px !important;padding-right: 0px !important;padding-left: 0px !important;}&#8220;][vc_column_inner width=&#8220;1\/3&#8243; css=&#8220;.vc_custom_1583220513744{margin-right: -15px !important;}&#8220;][vc_separator color=&#8220;black&#8220; align=&#8220;align_left&#8220; css_animation=&#8220;slideInLeft&#8220;][\/vc_column_inner][vc_column_inner width=&#8220;1\/3&#8243;][vc_custom_heading text=&#8220;WISSENSWERTES&#8220; font_container=&#8220;tag:h3|text_align:center&#8220; use_theme_fonts=&#8220;yes&#8220;][vc_column_text]<\/p>\n<p style=\"text-align: center;\">Gegen\u00fcber dem Museum erwartet den Besucher das <strong>\u201eHaus des Waldes\u201c<\/strong> mit interessanten Exponaten zur Flora und Fauna der W\u00e4lder S\u00fcd\/West Mecklenburgs.<\/p>\n<p style=\"text-align: center;\">\u00b7\u00b7\u00b7<\/p>\n<p style=\"text-align: center;\">Teilnahme am Projekt <strong>\u201eTage der Industriekultur am Wasser\u201c<\/strong> der Metropolregion Hamburg (alle zwei Jahre)<\/p>\n<p style=\"text-align: center;\">\u00b7\u00b7\u00b7<\/p>\n<p style=\"text-align: center;\">Mitglied im Regionalen<br \/>\n<strong>Museums- und Ausstellungsverband Griese Gegend <\/strong><\/p>\n<p style=\"text-align: center;\">\u00b7\u00b7\u00b7<\/p>\n<p style=\"text-align: center;\">Sind Sie K\u00fcnstler oder Aussteller und m\u00f6chten die wechselnden Ausstellungen des Regionalmuseums erweitern? Setzen Sie sich gern mit uns in Verbindung!<\/p>\n<p>Die Leiterin des Regionalmuseums, Frau Karin Koch, freut sich auf Ihren Anruf unter <a href=\"tel:+4901722036226\">0172 \/ 20 36 226<\/a>.<\/p>\n<p>[\/vc_column_text][\/vc_column_inner][vc_column_inner width=&#8220;1\/3&#8243;][vc_separator color=&#8220;black&#8220; align=&#8220;align_left&#8220; css_animation=&#8220;slideInRight&#8220;][\/vc_column_inner][\/vc_row_inner][\/vc_column][\/vc_row][vc_row][vc_column width=&#8220;1\/6&#8243;][\/vc_column][vc_column width=&#8220;2\/3&#8243;][vc_row_inner][vc_column_inner width=&#8220;1\/3&#8243;][vc_single_image image=&#8220;184&#8243; img_size=&#8220;full&#8220;][\/vc_column_inner][vc_column_inner width=&#8220;1\/3&#8243;][vc_single_image image=&#8220;185&#8243; img_size=&#8220;full&#8220;][\/vc_column_inner][vc_column_inner width=&#8220;1\/3&#8243;][vc_single_image image=&#8220;186&#8243; img_size=&#8220;full&#8220;][\/vc_column_inner][\/vc_row_inner][\/vc_column][vc_column width=&#8220;1\/6&#8243;][\/vc_column][\/vc_row]<\/p>\n<\/section>","protected":false},"excerpt":{"rendered":"<p>[vc_row full_width=&#8220;stretch_row_content_no_spaces&#8220;][vc_column el_class=&#8220;headerslider&#8220;][vc_single_image image=&#8220;88&#8243; img_size=&#8220;full&#8220; el_class=&#8220;minh&#8220;][\/vc_column][\/vc_row][vc_row full_width=&#8220;stretch_row_content_no_spaces&#8220; el_class=&#8220;frunze angebote&#8220;][vc_column][vc_row_inner css=&#8220;.vc_custom_1583228630606{padding-top: 5% !important;padding-bottom: 0px !important;}&#8220;][vc_column_inner width=&#8220;1\/4&#8243;][\/vc_column_inner][vc_column_inner width=&#8220;1\/2&#8243;][vc_custom_heading text=&#8220;ENTDECKEN SIE &#8230;&#8220; font_container=&#8220;tag:h1|text_align:left|color:%23005250&#8243; use_theme_fonts=&#8220;yes&#8220;][vc_column_text]Die Exponate des heimatkundlichen Regionalmuseums gliedern sich in drei separate und doch zusammenh\u00e4ngende Teile: Fundst\u00fccke und erkl\u00e4rende Texttafeln zur wechselhaften Geschichte der Papierfabrikation in Neu-Kali\u00df, Fundst\u00fccke zur Geschichte des Bergbaus in Malli\u00df und im Bereich [&hellip;]<\/p>\n","protected":false},"author":2,"featured_media":0,"parent":0,"menu_order":0,"comment_status":"closed","ping_status":"closed","template":"","meta":[],"yoast_head":"<!-- This site is optimized with the Yoast SEO plugin v20.5 - https:\/\/yoast.com\/wordpress\/plugins\/seo\/ -->\n<title>Ausstellungen &amp; F\u00fchrungen Museum Neu Kali\u00df<\/title>\n<meta name=\"description\" content=\"Ausstellungen der Papierfabrik Neu Kali\u00df und Bergbau sowie zum Landschaftsschutzgebiet Wanzeberg. Sind Sie K\u00fcnstler oder Aussteller, wir bieten Ihnen Raum.\" \/>\n<meta name=\"robots\" content=\"index, follow, max-snippet:-1, max-image-preview:large, max-video-preview:-1\" \/>\n<link rel=\"canonical\" href=\"https:\/\/www.neu-kaliss.de\/museum\/angebote\/\" \/>\n<meta property=\"og:locale\" content=\"de_DE\" \/>\n<meta property=\"og:type\" content=\"article\" \/>\n<meta property=\"og:title\" content=\"Ausstellungen &amp; F\u00fchrungen Museum Neu Kali\u00df\" \/>\n<meta property=\"og:description\" content=\"Ausstellungen der Papierfabrik Neu Kali\u00df und Bergbau sowie zum Landschaftsschutzgebiet Wanzeberg. Sind Sie K\u00fcnstler oder Aussteller, wir bieten Ihnen Raum.\" \/>\n<meta property=\"og:url\" content=\"https:\/\/www.neu-kaliss.de\/museum\/angebote\/\" \/>\n<meta property=\"og:site_name\" content=\"Neu Kali\u00df &quot;Regionalmuseum&quot;\" \/>\n<meta property=\"article:modified_time\" content=\"2022-11-07T09:34:50+00:00\" \/>\n<meta property=\"og:image\" content=\"http:\/\/www.neu-kaliss.de\/museum\/wp-content\/uploads\/2020\/03\/angebote1.jpg\" \/>\n<meta name=\"twitter:card\" content=\"summary_large_image\" \/>\n<meta name=\"twitter:label1\" content=\"Gesch\u00e4tzte Lesezeit\" \/>\n\t<meta name=\"twitter:data1\" content=\"4\u00a0Minuten\" \/>\n<script type=\"application\/ld+json\" class=\"yoast-schema-graph\">{\"@context\":\"https:\/\/schema.org\",\"@graph\":[{\"@type\":\"WebPage\",\"@id\":\"https:\/\/www.neu-kaliss.de\/museum\/angebote\/\",\"url\":\"https:\/\/www.neu-kaliss.de\/museum\/angebote\/\",\"name\":\"Ausstellungen & F\u00fchrungen Museum Neu Kali\u00df\",\"isPartOf\":{\"@id\":\"https:\/\/www.neu-kaliss.de\/museum\/#website\"},\"datePublished\":\"2020-02-27T10:01:06+00:00\",\"dateModified\":\"2022-11-07T09:34:50+00:00\",\"description\":\"Ausstellungen der Papierfabrik Neu Kali\u00df und Bergbau sowie zum Landschaftsschutzgebiet Wanzeberg. Sind Sie K\u00fcnstler oder Aussteller, wir bieten Ihnen Raum.\",\"breadcrumb\":{\"@id\":\"https:\/\/www.neu-kaliss.de\/museum\/angebote\/#breadcrumb\"},\"inLanguage\":\"de\",\"potentialAction\":[{\"@type\":\"ReadAction\",\"target\":[\"https:\/\/www.neu-kaliss.de\/museum\/angebote\/\"]}]},{\"@type\":\"BreadcrumbList\",\"@id\":\"https:\/\/www.neu-kaliss.de\/museum\/angebote\/#breadcrumb\",\"itemListElement\":[{\"@type\":\"ListItem\",\"position\":1,\"name\":\"Startseite\",\"item\":\"https:\/\/www.neu-kaliss.de\/museum\/\"},{\"@type\":\"ListItem\",\"position\":2,\"name\":\"Angebote\"}]},{\"@type\":\"WebSite\",\"@id\":\"https:\/\/www.neu-kaliss.de\/museum\/#website\",\"url\":\"https:\/\/www.neu-kaliss.de\/museum\/\",\"name\":\"Neu Kali\u00df &quot;Regionalmuseum&quot;\",\"description\":\"\",\"publisher\":{\"@id\":\"https:\/\/www.neu-kaliss.de\/museum\/#organization\"},\"potentialAction\":[{\"@type\":\"SearchAction\",\"target\":{\"@type\":\"EntryPoint\",\"urlTemplate\":\"https:\/\/www.neu-kaliss.de\/museum\/?s={search_term_string}\"},\"query-input\":\"required name=search_term_string\"}],\"inLanguage\":\"de\"},{\"@type\":\"Organization\",\"@id\":\"https:\/\/www.neu-kaliss.de\/museum\/#organization\",\"name\":\"Neu Kali\u00df &quot;Regionalmuseum&quot;\",\"url\":\"https:\/\/www.neu-kaliss.de\/museum\/\",\"logo\":{\"@type\":\"ImageObject\",\"inLanguage\":\"de\",\"@id\":\"https:\/\/www.neu-kaliss.de\/museum\/#\/schema\/logo\/image\/\",\"url\":\"https:\/\/www.neu-kaliss.de\/museum\/wp-content\/uploads\/logo.jpg\",\"contentUrl\":\"https:\/\/www.neu-kaliss.de\/museum\/wp-content\/uploads\/logo.jpg\",\"width\":534,\"height\":142,\"caption\":\"Neu Kali\u00df &quot;Regionalmuseum&quot;\"},\"image\":{\"@id\":\"https:\/\/www.neu-kaliss.de\/museum\/#\/schema\/logo\/image\/\"}}]}<\/script>\n<!-- \/ Yoast SEO plugin. -->","yoast_head_json":{"title":"Ausstellungen & F\u00fchrungen Museum Neu Kali\u00df","description":"Ausstellungen der Papierfabrik Neu Kali\u00df und Bergbau sowie zum Landschaftsschutzgebiet Wanzeberg. Sind Sie K\u00fcnstler oder Aussteller, wir bieten Ihnen Raum.","robots":{"index":"index","follow":"follow","max-snippet":"max-snippet:-1","max-image-preview":"max-image-preview:large","max-video-preview":"max-video-preview:-1"},"canonical":"https:\/\/www.neu-kaliss.de\/museum\/angebote\/","og_locale":"de_DE","og_type":"article","og_title":"Ausstellungen & F\u00fchrungen Museum Neu Kali\u00df","og_description":"Ausstellungen der Papierfabrik Neu Kali\u00df und Bergbau sowie zum Landschaftsschutzgebiet Wanzeberg. Sind Sie K\u00fcnstler oder Aussteller, wir bieten Ihnen Raum.","og_url":"https:\/\/www.neu-kaliss.de\/museum\/angebote\/","og_site_name":"Neu Kali\u00df &quot;Regionalmuseum&quot;","article_modified_time":"2022-11-07T09:34:50+00:00","og_image":[{"url":"http:\/\/www.neu-kaliss.de\/museum\/wp-content\/uploads\/2020\/03\/angebote1.jpg"}],"twitter_card":"summary_large_image","twitter_misc":{"Gesch\u00e4tzte Lesezeit":"4\u00a0Minuten"},"schema":{"@context":"https:\/\/schema.org","@graph":[{"@type":"WebPage","@id":"https:\/\/www.neu-kaliss.de\/museum\/angebote\/","url":"https:\/\/www.neu-kaliss.de\/museum\/angebote\/","name":"Ausstellungen & F\u00fchrungen Museum Neu Kali\u00df","isPartOf":{"@id":"https:\/\/www.neu-kaliss.de\/museum\/#website"},"datePublished":"2020-02-27T10:01:06+00:00","dateModified":"2022-11-07T09:34:50+00:00","description":"Ausstellungen der Papierfabrik Neu Kali\u00df und Bergbau sowie zum Landschaftsschutzgebiet Wanzeberg. Sind Sie K\u00fcnstler oder Aussteller, wir bieten Ihnen Raum.","breadcrumb":{"@id":"https:\/\/www.neu-kaliss.de\/museum\/angebote\/#breadcrumb"},"inLanguage":"de","potentialAction":[{"@type":"ReadAction","target":["https:\/\/www.neu-kaliss.de\/museum\/angebote\/"]}]},{"@type":"BreadcrumbList","@id":"https:\/\/www.neu-kaliss.de\/museum\/angebote\/#breadcrumb","itemListElement":[{"@type":"ListItem","position":1,"name":"Startseite","item":"https:\/\/www.neu-kaliss.de\/museum\/"},{"@type":"ListItem","position":2,"name":"Angebote"}]},{"@type":"WebSite","@id":"https:\/\/www.neu-kaliss.de\/museum\/#website","url":"https:\/\/www.neu-kaliss.de\/museum\/","name":"Neu Kali\u00df &quot;Regionalmuseum&quot;","description":"","publisher":{"@id":"https:\/\/www.neu-kaliss.de\/museum\/#organization"},"potentialAction":[{"@type":"SearchAction","target":{"@type":"EntryPoint","urlTemplate":"https:\/\/www.neu-kaliss.de\/museum\/?s={search_term_string}"},"query-input":"required name=search_term_string"}],"inLanguage":"de"},{"@type":"Organization","@id":"https:\/\/www.neu-kaliss.de\/museum\/#organization","name":"Neu Kali\u00df &quot;Regionalmuseum&quot;","url":"https:\/\/www.neu-kaliss.de\/museum\/","logo":{"@type":"ImageObject","inLanguage":"de","@id":"https:\/\/www.neu-kaliss.de\/museum\/#\/schema\/logo\/image\/","url":"https:\/\/www.neu-kaliss.de\/museum\/wp-content\/uploads\/logo.jpg","contentUrl":"https:\/\/www.neu-kaliss.de\/museum\/wp-content\/uploads\/logo.jpg","width":534,"height":142,"caption":"Neu Kali\u00df &quot;Regionalmuseum&quot;"},"image":{"@id":"https:\/\/www.neu-kaliss.de\/museum\/#\/schema\/logo\/image\/"}}]}},"_links":{"self":[{"href":"https:\/\/www.neu-kaliss.de\/museum\/wp-json\/wp\/v2\/pages\/22"}],"collection":[{"href":"https:\/\/www.neu-kaliss.de\/museum\/wp-json\/wp\/v2\/pages"}],"about":[{"href":"https:\/\/www.neu-kaliss.de\/museum\/wp-json\/wp\/v2\/types\/page"}],"author":[{"embeddable":true,"href":"https:\/\/www.neu-kaliss.de\/museum\/wp-json\/wp\/v2\/users\/2"}],"replies":[{"embeddable":true,"href":"https:\/\/www.neu-kaliss.de\/museum\/wp-json\/wp\/v2\/comments?post=22"}],"version-history":[{"count":25,"href":"https:\/\/www.neu-kaliss.de\/museum\/wp-json\/wp\/v2\/pages\/22\/revisions"}],"predecessor-version":[{"id":195,"href":"https:\/\/www.neu-kaliss.de\/museum\/wp-json\/wp\/v2\/pages\/22\/revisions\/195"}],"wp:attachment":[{"href":"https:\/\/www.neu-kaliss.de\/museum\/wp-json\/wp\/v2\/media?parent=22"}],"curies":[{"name":"wp","href":"https:\/\/api.w.org\/{rel}","templated":true}]}}