{"id":24,"date":"2020-02-27T11:01:42","date_gmt":"2020-02-27T10:01:42","guid":{"rendered":"http:\/\/www.neu-kaliss.de\/museum\/?page_id=24"},"modified":"2020-03-05T16:10:54","modified_gmt":"2020-03-05T15:10:54","slug":"unsere-geschichte","status":"publish","type":"page","link":"https:\/\/www.neu-kaliss.de\/museum\/unsere-geschichte\/","title":{"rendered":"Unsere Geschichte"},"content":{"rendered":"<section class=\"wpb-content-wrapper\"><p>[vc_row full_width=&#8220;stretch_row_content_no_spaces&#8220;][vc_column el_class=&#8220;headerslider&#8220;][vc_single_image image=&#8220;88&#8243; img_size=&#8220;full&#8220; el_class=&#8220;minh&#8220;][\/vc_column][\/vc_row][vc_row el_class=&#8220;frunze&#8220;][vc_column][vc_row_inner css=&#8220;.vc_custom_1583217360091{padding-top: 5% !important;padding-bottom: 5% !important;}&#8220;][vc_column_inner width=&#8220;1\/4&#8243;][\/vc_column_inner][vc_column_inner width=&#8220;1\/2&#8243;][vc_custom_heading text=&#8220;UNSERE GESCHICHTE&#8220; font_container=&#8220;tag:h1|text_align:center|color:%23005250&#8243; use_theme_fonts=&#8220;yes&#8220;][\/vc_column_inner][vc_column_inner width=&#8220;1\/4&#8243;][\/vc_column_inner][\/vc_row_inner][vc_raw_html]JTNDc3BhbiUyMGNsYXNzJTNEJTIybWFpbi1saW5lJTIyJTNFJTNDJTJGc3BhbiUzRQ==[\/vc_raw_html][vc_row_inner equal_height=&#8220;yes&#8220; rtl_reverse=&#8220;yes&#8220; content_placement=&#8220;top&#8220; gap=&#8220;10&#8243;][vc_column_inner width=&#8220;1\/4&#8243;][\/vc_column_inner][vc_column_inner width=&#8220;1\/4&#8243;][vc_single_image image=&#8220;142&#8243; img_size=&#8220;full&#8220; css_animation=&#8220;slideInLeft&#8220;][\/vc_column_inner][vc_column_inner width=&#8220;1\/4&#8243;][vc_separator color=&#8220;custom&#8220; align=&#8220;align_left&#8220; el_width=&#8220;20&#8243; css_animation=&#8220;slideInLeft&#8220; accent_color=&#8220;#005250&#8243; el_class=&#8220;timel&#8220;][vc_custom_heading text=&#8220;1885 bis 1973&#8243; font_container=&#8220;tag:h2|text_align:center|color:%23005250&#8243; use_theme_fonts=&#8220;yes&#8220;][vc_column_text css_animation=&#8220;slideInRight&#8220;]<strong>Errichtung des Geb\u00e4udes <\/strong><\/p>\n<p>Nutzung als Dorfschule und Lehrerwohnung, in der Hans Joachim B\u00f6tef\u00fcr t\u00e4tig war.[\/vc_column_text][\/vc_column_inner][vc_column_inner width=&#8220;1\/4&#8243;][\/vc_column_inner][\/vc_row_inner][vc_row_inner equal_height=&#8220;yes&#8220; content_placement=&#8220;middle&#8220;][vc_column_inner width=&#8220;1\/4&#8243;][\/vc_column_inner][vc_column_inner width=&#8220;1\/4&#8243;][vc_separator color=&#8220;custom&#8220; align=&#8220;align_right&#8220; el_width=&#8220;30&#8243; css_animation=&#8220;slideInRight&#8220; accent_color=&#8220;#005250&#8243; el_class=&#8220;timer&#8220;][vc_custom_heading text=&#8220;1990&#8243; font_container=&#8220;tag:h2|text_align:center|color:%23005250&#8243; use_theme_fonts=&#8220;yes&#8220;][vc_column_text css_animation=&#8220;slideInLeft&#8220;]Hans Joachim B\u00f6tef\u00fcr beendete seine Lehrert\u00e4tigkeit.[\/vc_column_text][\/vc_column_inner][vc_column_inner width=&#8220;1\/4&#8243;][\/vc_column_inner][vc_column_inner width=&#8220;1\/4&#8243;][\/vc_column_inner][\/vc_row_inner][vc_row_inner equal_height=&#8220;yes&#8220; rtl_reverse=&#8220;yes&#8220; content_placement=&#8220;top&#8220; gap=&#8220;10&#8243;][vc_column_inner width=&#8220;1\/4&#8243;][\/vc_column_inner][vc_column_inner width=&#8220;1\/4&#8243;][\/vc_column_inner][vc_column_inner width=&#8220;1\/4&#8243;][vc_separator color=&#8220;custom&#8220; align=&#8220;align_left&#8220; el_width=&#8220;30&#8243; css_animation=&#8220;slideInLeft&#8220; accent_color=&#8220;#005250&#8243; el_class=&#8220;timel&#8220;][vc_custom_heading text=&#8220;1993&#8243; font_container=&#8220;tag:h2|text_align:center|color:%23005250&#8243; use_theme_fonts=&#8220;yes&#8220;][vc_column_text css_animation=&#8220;slideInRight&#8220;]Er\u00f6ffnung der heimatkundlich-geologischen Sammlung im ehemaligen Schlafzimmer der B\u00f6tef\u00fcrs.[\/vc_column_text][\/vc_column_inner][vc_column_inner width=&#8220;1\/4&#8243;][\/vc_column_inner][\/vc_row_inner][vc_row_inner equal_height=&#8220;yes&#8220; content_placement=&#8220;middle&#8220;][vc_column_inner width=&#8220;1\/4&#8243;][\/vc_column_inner][vc_column_inner width=&#8220;1\/4&#8243;][vc_separator color=&#8220;custom&#8220; align=&#8220;align_right&#8220; el_width=&#8220;30&#8243; css_animation=&#8220;slideInRight&#8220; accent_color=&#8220;#005250&#8243; el_class=&#8220;timer&#8220;][vc_custom_heading text=&#8220;1995&#8243; font_container=&#8220;tag:h2|text_align:center|color:%23005250&#8243; use_theme_fonts=&#8220;yes&#8220;][vc_column_text css_animation=&#8220;slideInLeft&#8220;]Das Amt Malli\u00df und die Gemeinde Neu Kali\u00df stellten Herrn B\u00f6tef\u00fcr f\u00fcr seine Ausstellungen die R\u00e4umlichkeiten der alten Dorfschule in Kali\u00df zur Verf\u00fcgung.[\/vc_column_text][\/vc_column_inner][vc_column_inner width=&#8220;1\/4&#8243;][vc_single_image image=&#8220;142&#8243; img_size=&#8220;full&#8220; css_animation=&#8220;slideInRight&#8220;][\/vc_column_inner][vc_column_inner width=&#8220;1\/4&#8243;][\/vc_column_inner][\/vc_row_inner][vc_row_inner equal_height=&#8220;yes&#8220; rtl_reverse=&#8220;yes&#8220; content_placement=&#8220;top&#8220; gap=&#8220;10&#8243;][vc_column_inner width=&#8220;1\/4&#8243;][\/vc_column_inner][vc_column_inner width=&#8220;1\/4&#8243;][vc_single_image image=&#8220;155&#8243; img_size=&#8220;full&#8220;][\/vc_column_inner][vc_column_inner width=&#8220;1\/4&#8243;][vc_separator color=&#8220;custom&#8220; align=&#8220;align_left&#8220; el_width=&#8220;30&#8243; css_animation=&#8220;slideInLeft&#8220; accent_color=&#8220;#005250&#8243; el_class=&#8220;timel&#8220;][vc_custom_heading text=&#8220;1996&#8243; font_container=&#8220;tag:h2|text_align:center|color:%23005250&#8243; use_theme_fonts=&#8220;yes&#8220;][vc_column_text css_animation=&#8220;slideInRight&#8220;]In diesem Jahr er\u00f6ffnete die Dauerausstellung zur Geschichte der Papierfabrik mit Unterst\u00fctzung von Dr. Dr. Thomas Bausch.<\/p>\n<p>Im zweiten Teil des Museums etablierte Hans Joachim B\u00f6tef\u00fcr eine Ausstellung zu den Themen Bodensch\u00e4tze in S\u00fcdwestmecklenburg und zum Wanzeberg und dem Braunkohleabbau bis 1960.<\/p>\n<p>Diese Ausstellung wurde im Dezember 1996 er\u00f6ffnet.[\/vc_column_text][\/vc_column_inner][vc_column_inner width=&#8220;1\/4&#8243;][\/vc_column_inner][\/vc_row_inner][vc_row_inner equal_height=&#8220;yes&#8220; content_placement=&#8220;middle&#8220;][vc_column_inner width=&#8220;1\/4&#8243;][\/vc_column_inner][vc_column_inner width=&#8220;1\/4&#8243;][vc_separator color=&#8220;custom&#8220; align=&#8220;align_right&#8220; el_width=&#8220;30&#8243; css_animation=&#8220;slideInRight&#8220; accent_color=&#8220;#005250&#8243; el_class=&#8220;timer&#8220;][vc_custom_heading text=&#8220;1997&#8243; font_container=&#8220;tag:h2|text_align:center|color:%23005250&#8243; use_theme_fonts=&#8220;yes&#8220;][vc_column_text css_animation=&#8220;slideInLeft&#8220;]Das Obergeschoss des Museums wurde ausgebaut und wird seither als Galerie f\u00fcr Ausstellungen und verschiedene Veranstaltungen genutzt.[\/vc_column_text][\/vc_column_inner][vc_column_inner width=&#8220;1\/4&#8243;][vc_single_image image=&#8220;156&#8243; img_size=&#8220;full&#8220; css_animation=&#8220;slideInRight&#8220;][\/vc_column_inner][vc_column_inner width=&#8220;1\/4&#8243;][\/vc_column_inner][\/vc_row_inner][vc_row_inner equal_height=&#8220;yes&#8220; rtl_reverse=&#8220;yes&#8220; content_placement=&#8220;top&#8220; gap=&#8220;10&#8243;][vc_column_inner width=&#8220;1\/4&#8243;][\/vc_column_inner][vc_column_inner width=&#8220;1\/4&#8243;][vc_single_image image=&#8220;157&#8243; img_size=&#8220;full&#8220;][\/vc_column_inner][vc_column_inner width=&#8220;1\/4&#8243;][vc_separator color=&#8220;custom&#8220; align=&#8220;align_left&#8220; el_width=&#8220;30&#8243; css_animation=&#8220;slideInLeft&#8220; accent_color=&#8220;#005250&#8243; el_class=&#8220;timel&#8220;][vc_custom_heading text=&#8220;2017&#8243; font_container=&#8220;tag:h2|text_align:center|color:%23005250&#8243; use_theme_fonts=&#8220;yes&#8220;][vc_column_text css_animation=&#8220;slideInRight&#8220;]Umbenennung des Museums in \u201eRegionalmuseum Hans Joachim B\u00f6tef\u00fcr\u201c[\/vc_column_text][\/vc_column_inner][vc_column_inner width=&#8220;1\/4&#8243;][\/vc_column_inner][\/vc_row_inner][\/vc_column][\/vc_row][vc_row full_width=&#8220;stretch_row&#8220; css=&#8220;.vc_custom_1583220875805{padding-top: 1% !important;padding-right: 0px !important;padding-bottom: 1% !important;padding-left: 0px !important;background-color: #e1e9e2 !important;}&#8220; el_class=&#8220;linie&#8220;][vc_column][vc_row_inner css=&#8220;.vc_custom_1583220440069{margin-right: -30px !important;margin-left: -30px !important;padding-right: 0px !important;padding-left: 0px !important;}&#8220;][vc_column_inner width=&#8220;1\/3&#8243; css=&#8220;.vc_custom_1583220513744{margin-right: -15px !important;}&#8220;][vc_separator color=&#8220;black&#8220; align=&#8220;align_left&#8220; css_animation=&#8220;slideInLeft&#8220;][\/vc_column_inner][vc_column_inner width=&#8220;1\/3&#8243;][vc_custom_heading text=&#8220;\u00d6FFNUNGSZEITEN&#8220; font_container=&#8220;tag:h3|text_align:center&#8220; use_theme_fonts=&#8220;yes&#8220;][vc_column_text]<\/p>\n<p style=\"text-align: center;\">Das Regionalmuseum HANS JOACHIM B\u00d6TEF\u00dcR ist von <strong>Mai bis September immer mittwochs von 14:00 bis 16:00 Uhr und sonntags von 10:00 bis 12:00 Uhr ge\u00f6ffnet.<\/strong><\/p>\n<p style=\"text-align: center;\">Zur gleichen Zeit \u00f6ffnet das Forstmuseum auf der gegen\u00fcberliegenden Stra\u00dfenseite.<\/p>\n<p style=\"text-align: center;\">Individuelle \u00d6ffnungszeiten k\u00f6nnen telefonisch unter <a href=\"tel:+4901722036226\">0172 \/ 20 36 226<\/a> vereinbart werden. Hierzu erreichen Sie die Leiterin des Regionalmuseums, Frau Karin Koch.<\/p>\n<p>[\/vc_column_text][vc_column_text]<\/p>\n<p style=\"text-align: center;\"><i class=\"fas fa-map-marker-alt\"><\/i><span style=\"text-decoration: underline;\"><span style=\"color: #005250;\"><a style=\"color: #005250; text-decoration: underline;\" href=\"https:\/\/goo.gl\/maps\/JUh8Xy9k5ukemcY18\" target=\"_blank\" rel=\"noopener noreferrer\">Karl-Marx-Stra\u00dfe 22, 19294 Alt Kali\u00df<\/a><\/span><\/span><\/p>\n<p>[\/vc_column_text][vc_icon color=&#8220;custom&#8220; size=&#8220;xs&#8220; align=&#8220;center&#8220; custom_color=&#8220;#e1e9e2&#8243; css=&#8220;.vc_custom_1583222451477{margin-top: 0px !important;margin-right: 0px !important;margin-bottom: 0px !important;margin-left: 0px !important;padding-top: 0px !important;padding-right: 0px !important;padding-bottom: 0px !important;padding-left: 0px !important;}&#8220;][\/vc_column_inner][vc_column_inner width=&#8220;1\/3&#8243;][vc_separator color=&#8220;black&#8220; align=&#8220;align_left&#8220; css_animation=&#8220;slideInRight&#8220;][\/vc_column_inner][\/vc_row_inner][\/vc_column][\/vc_row][vc_row][vc_column width=&#8220;1\/6&#8243;][\/vc_column][vc_column width=&#8220;2\/3&#8243;][vc_row_inner][vc_column_inner width=&#8220;1\/3&#8243;][vc_single_image image=&#8220;184&#8243; img_size=&#8220;full&#8220;][\/vc_column_inner][vc_column_inner width=&#8220;1\/3&#8243;][vc_single_image image=&#8220;185&#8243; img_size=&#8220;full&#8220;][\/vc_column_inner][vc_column_inner width=&#8220;1\/3&#8243;][vc_single_image image=&#8220;186&#8243; img_size=&#8220;full&#8220;][\/vc_column_inner][\/vc_row_inner][\/vc_column][vc_column width=&#8220;1\/6&#8243;][\/vc_column][\/vc_row]<\/p>\n<\/section>","protected":false},"excerpt":{"rendered":"<p>[vc_row full_width=&#8220;stretch_row_content_no_spaces&#8220;][vc_column el_class=&#8220;headerslider&#8220;][vc_single_image image=&#8220;88&#8243; img_size=&#8220;full&#8220; el_class=&#8220;minh&#8220;][\/vc_column][\/vc_row][vc_row el_class=&#8220;frunze&#8220;][vc_column][vc_row_inner css=&#8220;.vc_custom_1583217360091{padding-top: 5% !important;padding-bottom: 5% !important;}&#8220;][vc_column_inner width=&#8220;1\/4&#8243;][\/vc_column_inner][vc_column_inner width=&#8220;1\/2&#8243;][vc_custom_heading text=&#8220;UNSERE GESCHICHTE&#8220; font_container=&#8220;tag:h1|text_align:center|color:%23005250&#8243; use_theme_fonts=&#8220;yes&#8220;][\/vc_column_inner][vc_column_inner width=&#8220;1\/4&#8243;][\/vc_column_inner][\/vc_row_inner][vc_raw_html]JTNDc3BhbiUyMGNsYXNzJTNEJTIybWFpbi1saW5lJTIyJTNFJTNDJTJGc3BhbiUzRQ==[\/vc_raw_html][vc_row_inner equal_height=&#8220;yes&#8220; rtl_reverse=&#8220;yes&#8220; content_placement=&#8220;top&#8220; gap=&#8220;10&#8243;][vc_column_inner width=&#8220;1\/4&#8243;][\/vc_column_inner][vc_column_inner width=&#8220;1\/4&#8243;][vc_single_image image=&#8220;142&#8243; img_size=&#8220;full&#8220; css_animation=&#8220;slideInLeft&#8220;][\/vc_column_inner][vc_column_inner width=&#8220;1\/4&#8243;][vc_separator color=&#8220;custom&#8220; align=&#8220;align_left&#8220; el_width=&#8220;20&#8243; css_animation=&#8220;slideInLeft&#8220; accent_color=&#8220;#005250&#8243; el_class=&#8220;timel&#8220;][vc_custom_heading text=&#8220;1885 bis 1973&#8243; font_container=&#8220;tag:h2|text_align:center|color:%23005250&#8243; use_theme_fonts=&#8220;yes&#8220;][vc_column_text css_animation=&#8220;slideInRight&#8220;]Errichtung des Geb\u00e4udes Nutzung als Dorfschule und Lehrerwohnung, in der Hans Joachim B\u00f6tef\u00fcr t\u00e4tig war.[\/vc_column_text][\/vc_column_inner][vc_column_inner [&hellip;]<\/p>\n","protected":false},"author":2,"featured_media":0,"parent":0,"menu_order":0,"comment_status":"closed","ping_status":"closed","template":"","meta":[],"yoast_head":"<!-- This site is optimized with the Yoast SEO plugin v20.5 - https:\/\/yoast.com\/wordpress\/plugins\/seo\/ -->\n<title>Die Geschichte des Museum &quot;Hans Joachim B\u00f6tef\u00fcr&quot;<\/title>\n<meta name=\"description\" content=\"Wer war Hans Joachim B\u00f6tef\u00fcr und warum kam es zur Namensgebung. Sehen Sie hier die Entwicklung von 1987 bis 2017 des Museums in Neu Kali\u00df.\" \/>\n<meta name=\"robots\" content=\"index, follow, max-snippet:-1, max-image-preview:large, max-video-preview:-1\" \/>\n<link rel=\"canonical\" href=\"https:\/\/www.neu-kaliss.de\/museum\/unsere-geschichte\/\" \/>\n<meta property=\"og:locale\" content=\"de_DE\" \/>\n<meta property=\"og:type\" content=\"article\" \/>\n<meta property=\"og:title\" content=\"Die Geschichte des Museum &quot;Hans Joachim B\u00f6tef\u00fcr&quot;\" \/>\n<meta property=\"og:description\" content=\"Wer war Hans Joachim B\u00f6tef\u00fcr und warum kam es zur Namensgebung. Sehen Sie hier die Entwicklung von 1987 bis 2017 des Museums in Neu Kali\u00df.\" \/>\n<meta property=\"og:url\" content=\"https:\/\/www.neu-kaliss.de\/museum\/unsere-geschichte\/\" \/>\n<meta property=\"og:site_name\" content=\"Neu Kali\u00df &quot;Regionalmuseum&quot;\" \/>\n<meta property=\"article:modified_time\" content=\"2020-03-05T15:10:54+00:00\" \/>\n<meta name=\"twitter:card\" content=\"summary_large_image\" \/>\n<meta name=\"twitter:label1\" content=\"Gesch\u00e4tzte Lesezeit\" \/>\n\t<meta name=\"twitter:data1\" content=\"6\u00a0Minuten\" \/>\n<script type=\"application\/ld+json\" class=\"yoast-schema-graph\">{\"@context\":\"https:\/\/schema.org\",\"@graph\":[{\"@type\":\"WebPage\",\"@id\":\"https:\/\/www.neu-kaliss.de\/museum\/unsere-geschichte\/\",\"url\":\"https:\/\/www.neu-kaliss.de\/museum\/unsere-geschichte\/\",\"name\":\"Die Geschichte des Museum \\\"Hans Joachim B\u00f6tef\u00fcr\\\"\",\"isPartOf\":{\"@id\":\"https:\/\/www.neu-kaliss.de\/museum\/#website\"},\"datePublished\":\"2020-02-27T10:01:42+00:00\",\"dateModified\":\"2020-03-05T15:10:54+00:00\",\"description\":\"Wer war Hans Joachim B\u00f6tef\u00fcr und warum kam es zur Namensgebung. Sehen Sie hier die Entwicklung von 1987 bis 2017 des Museums in Neu Kali\u00df.\",\"breadcrumb\":{\"@id\":\"https:\/\/www.neu-kaliss.de\/museum\/unsere-geschichte\/#breadcrumb\"},\"inLanguage\":\"de\",\"potentialAction\":[{\"@type\":\"ReadAction\",\"target\":[\"https:\/\/www.neu-kaliss.de\/museum\/unsere-geschichte\/\"]}]},{\"@type\":\"BreadcrumbList\",\"@id\":\"https:\/\/www.neu-kaliss.de\/museum\/unsere-geschichte\/#breadcrumb\",\"itemListElement\":[{\"@type\":\"ListItem\",\"position\":1,\"name\":\"Startseite\",\"item\":\"https:\/\/www.neu-kaliss.de\/museum\/\"},{\"@type\":\"ListItem\",\"position\":2,\"name\":\"Unsere Geschichte\"}]},{\"@type\":\"WebSite\",\"@id\":\"https:\/\/www.neu-kaliss.de\/museum\/#website\",\"url\":\"https:\/\/www.neu-kaliss.de\/museum\/\",\"name\":\"Neu Kali\u00df &quot;Regionalmuseum&quot;\",\"description\":\"\",\"publisher\":{\"@id\":\"https:\/\/www.neu-kaliss.de\/museum\/#organization\"},\"potentialAction\":[{\"@type\":\"SearchAction\",\"target\":{\"@type\":\"EntryPoint\",\"urlTemplate\":\"https:\/\/www.neu-kaliss.de\/museum\/?s={search_term_string}\"},\"query-input\":\"required name=search_term_string\"}],\"inLanguage\":\"de\"},{\"@type\":\"Organization\",\"@id\":\"https:\/\/www.neu-kaliss.de\/museum\/#organization\",\"name\":\"Neu Kali\u00df &quot;Regionalmuseum&quot;\",\"url\":\"https:\/\/www.neu-kaliss.de\/museum\/\",\"logo\":{\"@type\":\"ImageObject\",\"inLanguage\":\"de\",\"@id\":\"https:\/\/www.neu-kaliss.de\/museum\/#\/schema\/logo\/image\/\",\"url\":\"https:\/\/www.neu-kaliss.de\/museum\/wp-content\/uploads\/logo.jpg\",\"contentUrl\":\"https:\/\/www.neu-kaliss.de\/museum\/wp-content\/uploads\/logo.jpg\",\"width\":534,\"height\":142,\"caption\":\"Neu Kali\u00df &quot;Regionalmuseum&quot;\"},\"image\":{\"@id\":\"https:\/\/www.neu-kaliss.de\/museum\/#\/schema\/logo\/image\/\"}}]}<\/script>\n<!-- \/ Yoast SEO plugin. -->","yoast_head_json":{"title":"Die Geschichte des Museum \"Hans Joachim B\u00f6tef\u00fcr\"","description":"Wer war Hans Joachim B\u00f6tef\u00fcr und warum kam es zur Namensgebung. Sehen Sie hier die Entwicklung von 1987 bis 2017 des Museums in Neu Kali\u00df.","robots":{"index":"index","follow":"follow","max-snippet":"max-snippet:-1","max-image-preview":"max-image-preview:large","max-video-preview":"max-video-preview:-1"},"canonical":"https:\/\/www.neu-kaliss.de\/museum\/unsere-geschichte\/","og_locale":"de_DE","og_type":"article","og_title":"Die Geschichte des Museum \"Hans Joachim B\u00f6tef\u00fcr\"","og_description":"Wer war Hans Joachim B\u00f6tef\u00fcr und warum kam es zur Namensgebung. Sehen Sie hier die Entwicklung von 1987 bis 2017 des Museums in Neu Kali\u00df.","og_url":"https:\/\/www.neu-kaliss.de\/museum\/unsere-geschichte\/","og_site_name":"Neu Kali\u00df &quot;Regionalmuseum&quot;","article_modified_time":"2020-03-05T15:10:54+00:00","twitter_card":"summary_large_image","twitter_misc":{"Gesch\u00e4tzte Lesezeit":"6\u00a0Minuten"},"schema":{"@context":"https:\/\/schema.org","@graph":[{"@type":"WebPage","@id":"https:\/\/www.neu-kaliss.de\/museum\/unsere-geschichte\/","url":"https:\/\/www.neu-kaliss.de\/museum\/unsere-geschichte\/","name":"Die Geschichte des Museum \"Hans Joachim B\u00f6tef\u00fcr\"","isPartOf":{"@id":"https:\/\/www.neu-kaliss.de\/museum\/#website"},"datePublished":"2020-02-27T10:01:42+00:00","dateModified":"2020-03-05T15:10:54+00:00","description":"Wer war Hans Joachim B\u00f6tef\u00fcr und warum kam es zur Namensgebung. Sehen Sie hier die Entwicklung von 1987 bis 2017 des Museums in Neu Kali\u00df.","breadcrumb":{"@id":"https:\/\/www.neu-kaliss.de\/museum\/unsere-geschichte\/#breadcrumb"},"inLanguage":"de","potentialAction":[{"@type":"ReadAction","target":["https:\/\/www.neu-kaliss.de\/museum\/unsere-geschichte\/"]}]},{"@type":"BreadcrumbList","@id":"https:\/\/www.neu-kaliss.de\/museum\/unsere-geschichte\/#breadcrumb","itemListElement":[{"@type":"ListItem","position":1,"name":"Startseite","item":"https:\/\/www.neu-kaliss.de\/museum\/"},{"@type":"ListItem","position":2,"name":"Unsere Geschichte"}]},{"@type":"WebSite","@id":"https:\/\/www.neu-kaliss.de\/museum\/#website","url":"https:\/\/www.neu-kaliss.de\/museum\/","name":"Neu Kali\u00df &quot;Regionalmuseum&quot;","description":"","publisher":{"@id":"https:\/\/www.neu-kaliss.de\/museum\/#organization"},"potentialAction":[{"@type":"SearchAction","target":{"@type":"EntryPoint","urlTemplate":"https:\/\/www.neu-kaliss.de\/museum\/?s={search_term_string}"},"query-input":"required name=search_term_string"}],"inLanguage":"de"},{"@type":"Organization","@id":"https:\/\/www.neu-kaliss.de\/museum\/#organization","name":"Neu Kali\u00df &quot;Regionalmuseum&quot;","url":"https:\/\/www.neu-kaliss.de\/museum\/","logo":{"@type":"ImageObject","inLanguage":"de","@id":"https:\/\/www.neu-kaliss.de\/museum\/#\/schema\/logo\/image\/","url":"https:\/\/www.neu-kaliss.de\/museum\/wp-content\/uploads\/logo.jpg","contentUrl":"https:\/\/www.neu-kaliss.de\/museum\/wp-content\/uploads\/logo.jpg","width":534,"height":142,"caption":"Neu Kali\u00df &quot;Regionalmuseum&quot;"},"image":{"@id":"https:\/\/www.neu-kaliss.de\/museum\/#\/schema\/logo\/image\/"}}]}},"_links":{"self":[{"href":"https:\/\/www.neu-kaliss.de\/museum\/wp-json\/wp\/v2\/pages\/24"}],"collection":[{"href":"https:\/\/www.neu-kaliss.de\/museum\/wp-json\/wp\/v2\/pages"}],"about":[{"href":"https:\/\/www.neu-kaliss.de\/museum\/wp-json\/wp\/v2\/types\/page"}],"author":[{"embeddable":true,"href":"https:\/\/www.neu-kaliss.de\/museum\/wp-json\/wp\/v2\/users\/2"}],"replies":[{"embeddable":true,"href":"https:\/\/www.neu-kaliss.de\/museum\/wp-json\/wp\/v2\/comments?post=24"}],"version-history":[{"count":18,"href":"https:\/\/www.neu-kaliss.de\/museum\/wp-json\/wp\/v2\/pages\/24\/revisions"}],"predecessor-version":[{"id":188,"href":"https:\/\/www.neu-kaliss.de\/museum\/wp-json\/wp\/v2\/pages\/24\/revisions\/188"}],"wp:attachment":[{"href":"https:\/\/www.neu-kaliss.de\/museum\/wp-json\/wp\/v2\/media?parent=24"}],"curies":[{"name":"wp","href":"https:\/\/api.w.org\/{rel}","templated":true}]}}