{"id":26,"date":"2020-02-27T11:01:51","date_gmt":"2020-02-27T10:01:51","guid":{"rendered":"http:\/\/www.neu-kaliss.de\/museum\/?page_id=26"},"modified":"2020-03-05T16:30:56","modified_gmt":"2020-03-05T15:30:56","slug":"hans-joachim-boetefuer","status":"publish","type":"page","link":"https:\/\/www.neu-kaliss.de\/museum\/hans-joachim-boetefuer\/","title":{"rendered":"Hans Joachim B\u00f6tef\u00fcr"},"content":{"rendered":"<section class=\"wpb-content-wrapper\"><p>[vc_row full_width=&#8220;stretch_row_content_no_spaces&#8220;][vc_column el_class=&#8220;headerslider&#8220;][vc_single_image image=&#8220;88&#8243; img_size=&#8220;full&#8220; el_class=&#8220;minh&#8220;][\/vc_column][\/vc_row][vc_row full_width=&#8220;stretch_row_content_no_spaces&#8220; el_class=&#8220;frunze jcb&#8220;][vc_column][vc_row_inner css=&#8220;.vc_custom_1583228630606{padding-top: 5% !important;padding-bottom: 0px !important;}&#8220;][vc_column_inner width=&#8220;1\/4&#8243;][\/vc_column_inner][vc_column_inner width=&#8220;1\/2&#8243;][vc_custom_heading text=&#8220;HANS JOACHIM B\u00d6TEF\u00dcR&#8220; font_container=&#8220;tag:h1|text_align:left|color:%23005250&#8243; use_theme_fonts=&#8220;yes&#8220;][vc_column_text]Hans Joachim B\u00f6tef\u00fcr (1928 \u2013 2009) ist seit dem 23.05.2017 Namensgeber f\u00fcr das Regionalmuseum in Neu Kali\u00df im Ortsteil Kali\u00df.<\/p>\n<p>Er war von 1954 bis 1973 in den R\u00e4umlichkeiten des Museums als Dorfschullehrer t\u00e4tig. Bereits w\u00e4hrend seines Studiums setzte er seinen Forschungsschwerpunkt und schrieb seine Diplomarbeit \u00fcber die geologische Entstehung der Hochfl\u00e4che \u201eWanzeberg\u201c zwischen Eldena und D\u00f6mitz.<\/p>\n<p>Joachim B\u00f6tef\u00fcr war lebenslang ein begeisterter Heimatforscher und widmete seine Arbeit der allgemeinen Geologie, Botanik und Dendrologie, der Volkskunde, der niederdeutschen Sprache[\/vc_column_text][vc_single_image image=&#8220;100&#8243; img_size=&#8220;full&#8220; add_caption=&#8220;yes&#8220; alignment=&#8220;center&#8220;][\/vc_column_inner][vc_column_inner width=&#8220;1\/4&#8243;][\/vc_column_inner][\/vc_row_inner][vc_row_inner css=&#8220;.vc_custom_1583228556097{padding-top: 0px !important;padding-bottom: 0px !important;}&#8220;][vc_column_inner el_class=&#8220;linieinhalt&#8220; width=&#8220;3\/4&#8243;][vc_separator color=&#8220;custom&#8220; align=&#8220;align_left&#8220; css_animation=&#8220;slideInLeft&#8220; accent_color=&#8220;#005250&#8243;][vc_custom_heading text=&#8220;LEBENSWERK&#8220; font_container=&#8220;tag:h2|text_align:right|color:%23005250&#8243; use_theme_fonts=&#8220;yes&#8220;][\/vc_column_inner][vc_column_inner width=&#8220;1\/4&#8243;][\/vc_column_inner][\/vc_row_inner][vc_row_inner css=&#8220;.vc_custom_1583217360091{padding-top: 5% !important;padding-bottom: 5% !important;}&#8220;][vc_column_inner width=&#8220;1\/4&#8243;][\/vc_column_inner][vc_column_inner width=&#8220;1\/2&#8243;][vc_column_text]Zu seinem Lebenswerk z\u00e4hlen:<\/p>\n<ul>\n<li>die Ausweisung des Wanzebergs als Landschaftsschutzgebiet<\/li>\n<li>die Sammlung verschiedenster Exponate &amp; deren Ausstellung im Regionalmuseum in Kali\u00df<\/li>\n<li>diverse Ver\u00f6ffentlichungen:\n<ul>\n<li>\u201eWanderf\u00fchrer Landschaftsschutzgebiet Wanzeberg\u201c<\/li>\n<li>\u201eDie benthischen Foraminiferen aus dem \u00d6ligoz\u00e4n von Malli\u00df, Wanzeberg, Norddeutschland\u201c<\/li>\n<li>\u201ePALAEONTOS 16\u201c<\/li>\n<li>\u201e200 Jahre Papier aus Neu Kaliss\u201c<\/li>\n<li>\u201eDer Bausch-Park in Neu Kali\u00df\u201c<\/li>\n<li>Gedichte und Geschichten in \u201eGr\u00e4unen Dr\u00fcbben\u201c<\/li>\n<\/ul>\n<\/li>\n<\/ul>\n<p>[\/vc_column_text][\/vc_column_inner][vc_column_inner width=&#8220;1\/4&#8243;][\/vc_column_inner][\/vc_row_inner][vc_row_inner css=&#8220;.vc_custom_1583228556097{padding-top: 0px !important;padding-bottom: 0px !important;}&#8220;][vc_column_inner width=&#8220;1\/4&#8243;][\/vc_column_inner][vc_column_inner el_class=&#8220;linieinhaltr&#8220; width=&#8220;3\/4&#8243;][vc_separator color=&#8220;custom&#8220; align=&#8220;align_right&#8220; css_animation=&#8220;slideInRight&#8220; accent_color=&#8220;#005250&#8243;][vc_custom_heading text=&#8220;EHRUNGEN&#8220; font_container=&#8220;tag:h2|text_align:left|color:%23005250&#8243; use_theme_fonts=&#8220;yes&#8220;][\/vc_column_inner][\/vc_row_inner][vc_row_inner css=&#8220;.vc_custom_1583217360091{padding-top: 5% !important;padding-bottom: 5% !important;}&#8220;][vc_column_inner width=&#8220;1\/4&#8243;][\/vc_column_inner][vc_column_inner width=&#8220;1\/2&#8243;][vc_column_text]<\/p>\n<figure id=\"attachment_53\" aria-describedby=\"caption-attachment-53\" style=\"width: 220px\" class=\"wp-caption alignright\"><img decoding=\"async\" loading=\"lazy\" class=\"size-full wp-image-53\" src=\"http:\/\/www.neu-kaliss.de\/museum\/wp-content\/uploads\/2020\/03\/hjb.jpg\" alt=\"Hans Joachim B\u00f6tef\u00fcr\" width=\"220\" height=\"350\" \/><figcaption id=\"caption-attachment-53\" class=\"wp-caption-text\">Hans Joachim B\u00f6tef\u00fcr<br \/>(Foto: Achim B\u00f6tef\u00fcr)<\/figcaption><\/figure>\n<p><strong>03.10.1998<\/strong><br \/>\nHans Joachim B\u00f6tef\u00fcr erh\u00e4lt den \u201eLudwig-Reinhard-Kulturpreis des Landkreises Ludwigslust\u201c.<\/p>\n<p><strong>10.11.2008<\/strong><br \/>\nHans Joachim B\u00f6tef\u00fcr wird f\u00fcr sein Lebenswerk zum Ehrenb\u00fcrger der Gemeinde Neu Kali\u00df ernannt.[\/vc_column_text][\/vc_column_inner][vc_column_inner el_class=&#8220;linieinhaltr&#8220; width=&#8220;1\/4&#8243;][\/vc_column_inner][\/vc_row_inner][\/vc_column][\/vc_row][vc_row full_width=&#8220;stretch_row&#8220; css=&#8220;.vc_custom_1583220875805{padding-top: 1% !important;padding-right: 0px !important;padding-bottom: 1% !important;padding-left: 0px !important;background-color: #e1e9e2 !important;}&#8220; el_class=&#8220;linie&#8220;][vc_column][vc_row_inner css=&#8220;.vc_custom_1583220440069{margin-right: -30px !important;margin-left: -30px !important;padding-right: 0px !important;padding-left: 0px !important;}&#8220;][vc_column_inner width=&#8220;1\/3&#8243; css=&#8220;.vc_custom_1583220513744{margin-right: -15px !important;}&#8220;][vc_separator color=&#8220;black&#8220; align=&#8220;align_left&#8220; css_animation=&#8220;slideInLeft&#8220;][\/vc_column_inner][vc_column_inner width=&#8220;1\/3&#8243;][vc_custom_heading text=&#8220;\u00d6FFNUNGSZEITEN&#8220; font_container=&#8220;tag:h3|text_align:center&#8220; use_theme_fonts=&#8220;yes&#8220;][vc_column_text]<\/p>\n<p style=\"text-align: center;\">Das Regionalmuseum HANS JOACHIM B\u00d6TEF\u00dcR ist von <strong>Mai bis September immer mittwochs von 14:00 bis 16:00 Uhr und sonntags von 10:00 bis 12:00 Uhr ge\u00f6ffnet.<\/strong><\/p>\n<p style=\"text-align: center;\">Zur gleichen Zeit \u00f6ffnet das Forstmuseum auf der gegen\u00fcberliegenden Stra\u00dfenseite.<\/p>\n<p style=\"text-align: center;\">Individuelle \u00d6ffnungszeiten k\u00f6nnen telefonisch unter <a href=\"tel:+4901722036226\">0172 \/ 20 36 226<\/a> vereinbart werden. Hierzu erreichen Sie die Leiterin des Regionalmuseums, Frau Karin Koch.<\/p>\n<p>[\/vc_column_text][vc_column_text]<\/p>\n<p style=\"text-align: center;\"><i class=\"fas fa-map-marker-alt\"><\/i><span style=\"text-decoration: underline;\"><span style=\"color: #005250;\"><a style=\"color: #005250; text-decoration: underline;\" href=\"https:\/\/goo.gl\/maps\/JUh8Xy9k5ukemcY18\" target=\"_blank\" rel=\"noopener noreferrer\">Karl-Marx-Stra\u00dfe 22, 19294 Alt Kali\u00df<\/a><\/span><\/span><\/p>\n<p>[\/vc_column_text][vc_icon color=&#8220;custom&#8220; size=&#8220;xs&#8220; align=&#8220;center&#8220; custom_color=&#8220;#e1e9e2&#8243; css=&#8220;.vc_custom_1583222451477{margin-top: 0px !important;margin-right: 0px !important;margin-bottom: 0px !important;margin-left: 0px !important;padding-top: 0px !important;padding-right: 0px !important;padding-bottom: 0px !important;padding-left: 0px !important;}&#8220;][\/vc_column_inner][vc_column_inner width=&#8220;1\/3&#8243;][vc_separator color=&#8220;black&#8220; align=&#8220;align_left&#8220; css_animation=&#8220;slideInRight&#8220;][\/vc_column_inner][\/vc_row_inner][\/vc_column][\/vc_row][vc_row][vc_column width=&#8220;1\/6&#8243;][\/vc_column][vc_column width=&#8220;2\/3&#8243;][vc_row_inner][vc_column_inner width=&#8220;1\/3&#8243;][vc_single_image image=&#8220;184&#8243; img_size=&#8220;full&#8220;][\/vc_column_inner][vc_column_inner width=&#8220;1\/3&#8243;][vc_single_image image=&#8220;185&#8243; img_size=&#8220;full&#8220;][\/vc_column_inner][vc_column_inner width=&#8220;1\/3&#8243;][vc_single_image image=&#8220;186&#8243; img_size=&#8220;full&#8220;][\/vc_column_inner][\/vc_row_inner][\/vc_column][vc_column width=&#8220;1\/6&#8243;][\/vc_column][\/vc_row]<\/p>\n<\/section>","protected":false},"excerpt":{"rendered":"<p>[vc_row full_width=&#8220;stretch_row_content_no_spaces&#8220;][vc_column el_class=&#8220;headerslider&#8220;][vc_single_image image=&#8220;88&#8243; img_size=&#8220;full&#8220; el_class=&#8220;minh&#8220;][\/vc_column][\/vc_row][vc_row full_width=&#8220;stretch_row_content_no_spaces&#8220; el_class=&#8220;frunze jcb&#8220;][vc_column][vc_row_inner css=&#8220;.vc_custom_1583228630606{padding-top: 5% !important;padding-bottom: 0px !important;}&#8220;][vc_column_inner width=&#8220;1\/4&#8243;][\/vc_column_inner][vc_column_inner width=&#8220;1\/2&#8243;][vc_custom_heading text=&#8220;HANS JOACHIM B\u00d6TEF\u00dcR&#8220; font_container=&#8220;tag:h1|text_align:left|color:%23005250&#8243; use_theme_fonts=&#8220;yes&#8220;][vc_column_text]Hans Joachim B\u00f6tef\u00fcr (1928 \u2013 2009) ist seit dem 23.05.2017 Namensgeber f\u00fcr das Regionalmuseum in Neu Kali\u00df im Ortsteil Kali\u00df. Er war von 1954 bis 1973 in den R\u00e4umlichkeiten des Museums als Dorfschullehrer t\u00e4tig. Bereits [&hellip;]<\/p>\n","protected":false},"author":2,"featured_media":0,"parent":0,"menu_order":0,"comment_status":"closed","ping_status":"closed","template":"","meta":[],"yoast_head":"<!-- This site is optimized with the Yoast SEO plugin v20.5 - https:\/\/yoast.com\/wordpress\/plugins\/seo\/ -->\n<title>HANS JOACHIM B\u00d6TEF\u00dcR - Sein Lebenswerk &amp; Ehrenb\u00fcrger Neu Kali\u00df<\/title>\n<meta name=\"description\" content=\"Hans Joachim B\u00f6tef\u00fcr war lebenslang ein begeisterter Heimatforscher und widmete seine Arbeit der allgemeinen Geologie, Botanik und Dendrologie.\" \/>\n<meta name=\"robots\" content=\"index, follow, max-snippet:-1, max-image-preview:large, max-video-preview:-1\" \/>\n<link rel=\"canonical\" href=\"https:\/\/www.neu-kaliss.de\/museum\/hans-joachim-boetefuer\/\" \/>\n<meta property=\"og:locale\" content=\"de_DE\" \/>\n<meta property=\"og:type\" content=\"article\" \/>\n<meta property=\"og:title\" content=\"HANS JOACHIM B\u00d6TEF\u00dcR - Sein Lebenswerk &amp; Ehrenb\u00fcrger Neu Kali\u00df\" \/>\n<meta property=\"og:description\" content=\"Hans Joachim B\u00f6tef\u00fcr war lebenslang ein begeisterter Heimatforscher und widmete seine Arbeit der allgemeinen Geologie, Botanik und Dendrologie.\" \/>\n<meta property=\"og:url\" content=\"https:\/\/www.neu-kaliss.de\/museum\/hans-joachim-boetefuer\/\" \/>\n<meta property=\"og:site_name\" content=\"Neu Kali\u00df &quot;Regionalmuseum&quot;\" \/>\n<meta property=\"article:modified_time\" content=\"2020-03-05T15:30:56+00:00\" \/>\n<meta property=\"og:image\" content=\"http:\/\/www.neu-kaliss.de\/museum\/wp-content\/uploads\/2020\/03\/hjb.jpg\" \/>\n<meta name=\"twitter:card\" content=\"summary_large_image\" \/>\n<meta name=\"twitter:label1\" content=\"Gesch\u00e4tzte Lesezeit\" \/>\n\t<meta name=\"twitter:data1\" content=\"4\u00a0Minuten\" \/>\n<script type=\"application\/ld+json\" class=\"yoast-schema-graph\">{\"@context\":\"https:\/\/schema.org\",\"@graph\":[{\"@type\":\"WebPage\",\"@id\":\"https:\/\/www.neu-kaliss.de\/museum\/hans-joachim-boetefuer\/\",\"url\":\"https:\/\/www.neu-kaliss.de\/museum\/hans-joachim-boetefuer\/\",\"name\":\"HANS JOACHIM B\u00d6TEF\u00dcR - Sein Lebenswerk & Ehrenb\u00fcrger Neu Kali\u00df\",\"isPartOf\":{\"@id\":\"https:\/\/www.neu-kaliss.de\/museum\/#website\"},\"datePublished\":\"2020-02-27T10:01:51+00:00\",\"dateModified\":\"2020-03-05T15:30:56+00:00\",\"description\":\"Hans Joachim B\u00f6tef\u00fcr war lebenslang ein begeisterter Heimatforscher und widmete seine Arbeit der allgemeinen Geologie, Botanik und Dendrologie.\",\"breadcrumb\":{\"@id\":\"https:\/\/www.neu-kaliss.de\/museum\/hans-joachim-boetefuer\/#breadcrumb\"},\"inLanguage\":\"de\",\"potentialAction\":[{\"@type\":\"ReadAction\",\"target\":[\"https:\/\/www.neu-kaliss.de\/museum\/hans-joachim-boetefuer\/\"]}]},{\"@type\":\"BreadcrumbList\",\"@id\":\"https:\/\/www.neu-kaliss.de\/museum\/hans-joachim-boetefuer\/#breadcrumb\",\"itemListElement\":[{\"@type\":\"ListItem\",\"position\":1,\"name\":\"Startseite\",\"item\":\"https:\/\/www.neu-kaliss.de\/museum\/\"},{\"@type\":\"ListItem\",\"position\":2,\"name\":\"Hans Joachim B\u00f6tef\u00fcr\"}]},{\"@type\":\"WebSite\",\"@id\":\"https:\/\/www.neu-kaliss.de\/museum\/#website\",\"url\":\"https:\/\/www.neu-kaliss.de\/museum\/\",\"name\":\"Neu Kali\u00df &quot;Regionalmuseum&quot;\",\"description\":\"\",\"publisher\":{\"@id\":\"https:\/\/www.neu-kaliss.de\/museum\/#organization\"},\"potentialAction\":[{\"@type\":\"SearchAction\",\"target\":{\"@type\":\"EntryPoint\",\"urlTemplate\":\"https:\/\/www.neu-kaliss.de\/museum\/?s={search_term_string}\"},\"query-input\":\"required name=search_term_string\"}],\"inLanguage\":\"de\"},{\"@type\":\"Organization\",\"@id\":\"https:\/\/www.neu-kaliss.de\/museum\/#organization\",\"name\":\"Neu Kali\u00df &quot;Regionalmuseum&quot;\",\"url\":\"https:\/\/www.neu-kaliss.de\/museum\/\",\"logo\":{\"@type\":\"ImageObject\",\"inLanguage\":\"de\",\"@id\":\"https:\/\/www.neu-kaliss.de\/museum\/#\/schema\/logo\/image\/\",\"url\":\"https:\/\/www.neu-kaliss.de\/museum\/wp-content\/uploads\/logo.jpg\",\"contentUrl\":\"https:\/\/www.neu-kaliss.de\/museum\/wp-content\/uploads\/logo.jpg\",\"width\":534,\"height\":142,\"caption\":\"Neu Kali\u00df &quot;Regionalmuseum&quot;\"},\"image\":{\"@id\":\"https:\/\/www.neu-kaliss.de\/museum\/#\/schema\/logo\/image\/\"}}]}<\/script>\n<!-- \/ Yoast SEO plugin. -->","yoast_head_json":{"title":"HANS JOACHIM B\u00d6TEF\u00dcR - Sein Lebenswerk & Ehrenb\u00fcrger Neu Kali\u00df","description":"Hans Joachim B\u00f6tef\u00fcr war lebenslang ein begeisterter Heimatforscher und widmete seine Arbeit der allgemeinen Geologie, Botanik und Dendrologie.","robots":{"index":"index","follow":"follow","max-snippet":"max-snippet:-1","max-image-preview":"max-image-preview:large","max-video-preview":"max-video-preview:-1"},"canonical":"https:\/\/www.neu-kaliss.de\/museum\/hans-joachim-boetefuer\/","og_locale":"de_DE","og_type":"article","og_title":"HANS JOACHIM B\u00d6TEF\u00dcR - Sein Lebenswerk & Ehrenb\u00fcrger Neu Kali\u00df","og_description":"Hans Joachim B\u00f6tef\u00fcr war lebenslang ein begeisterter Heimatforscher und widmete seine Arbeit der allgemeinen Geologie, Botanik und Dendrologie.","og_url":"https:\/\/www.neu-kaliss.de\/museum\/hans-joachim-boetefuer\/","og_site_name":"Neu Kali\u00df &quot;Regionalmuseum&quot;","article_modified_time":"2020-03-05T15:30:56+00:00","og_image":[{"url":"http:\/\/www.neu-kaliss.de\/museum\/wp-content\/uploads\/2020\/03\/hjb.jpg"}],"twitter_card":"summary_large_image","twitter_misc":{"Gesch\u00e4tzte Lesezeit":"4\u00a0Minuten"},"schema":{"@context":"https:\/\/schema.org","@graph":[{"@type":"WebPage","@id":"https:\/\/www.neu-kaliss.de\/museum\/hans-joachim-boetefuer\/","url":"https:\/\/www.neu-kaliss.de\/museum\/hans-joachim-boetefuer\/","name":"HANS JOACHIM B\u00d6TEF\u00dcR - Sein Lebenswerk & Ehrenb\u00fcrger Neu Kali\u00df","isPartOf":{"@id":"https:\/\/www.neu-kaliss.de\/museum\/#website"},"datePublished":"2020-02-27T10:01:51+00:00","dateModified":"2020-03-05T15:30:56+00:00","description":"Hans Joachim B\u00f6tef\u00fcr war lebenslang ein begeisterter Heimatforscher und widmete seine Arbeit der allgemeinen Geologie, Botanik und Dendrologie.","breadcrumb":{"@id":"https:\/\/www.neu-kaliss.de\/museum\/hans-joachim-boetefuer\/#breadcrumb"},"inLanguage":"de","potentialAction":[{"@type":"ReadAction","target":["https:\/\/www.neu-kaliss.de\/museum\/hans-joachim-boetefuer\/"]}]},{"@type":"BreadcrumbList","@id":"https:\/\/www.neu-kaliss.de\/museum\/hans-joachim-boetefuer\/#breadcrumb","itemListElement":[{"@type":"ListItem","position":1,"name":"Startseite","item":"https:\/\/www.neu-kaliss.de\/museum\/"},{"@type":"ListItem","position":2,"name":"Hans Joachim B\u00f6tef\u00fcr"}]},{"@type":"WebSite","@id":"https:\/\/www.neu-kaliss.de\/museum\/#website","url":"https:\/\/www.neu-kaliss.de\/museum\/","name":"Neu Kali\u00df &quot;Regionalmuseum&quot;","description":"","publisher":{"@id":"https:\/\/www.neu-kaliss.de\/museum\/#organization"},"potentialAction":[{"@type":"SearchAction","target":{"@type":"EntryPoint","urlTemplate":"https:\/\/www.neu-kaliss.de\/museum\/?s={search_term_string}"},"query-input":"required name=search_term_string"}],"inLanguage":"de"},{"@type":"Organization","@id":"https:\/\/www.neu-kaliss.de\/museum\/#organization","name":"Neu Kali\u00df &quot;Regionalmuseum&quot;","url":"https:\/\/www.neu-kaliss.de\/museum\/","logo":{"@type":"ImageObject","inLanguage":"de","@id":"https:\/\/www.neu-kaliss.de\/museum\/#\/schema\/logo\/image\/","url":"https:\/\/www.neu-kaliss.de\/museum\/wp-content\/uploads\/logo.jpg","contentUrl":"https:\/\/www.neu-kaliss.de\/museum\/wp-content\/uploads\/logo.jpg","width":534,"height":142,"caption":"Neu Kali\u00df &quot;Regionalmuseum&quot;"},"image":{"@id":"https:\/\/www.neu-kaliss.de\/museum\/#\/schema\/logo\/image\/"}}]}},"_links":{"self":[{"href":"https:\/\/www.neu-kaliss.de\/museum\/wp-json\/wp\/v2\/pages\/26"}],"collection":[{"href":"https:\/\/www.neu-kaliss.de\/museum\/wp-json\/wp\/v2\/pages"}],"about":[{"href":"https:\/\/www.neu-kaliss.de\/museum\/wp-json\/wp\/v2\/types\/page"}],"author":[{"embeddable":true,"href":"https:\/\/www.neu-kaliss.de\/museum\/wp-json\/wp\/v2\/users\/2"}],"replies":[{"embeddable":true,"href":"https:\/\/www.neu-kaliss.de\/museum\/wp-json\/wp\/v2\/comments?post=26"}],"version-history":[{"count":25,"href":"https:\/\/www.neu-kaliss.de\/museum\/wp-json\/wp\/v2\/pages\/26\/revisions"}],"predecessor-version":[{"id":192,"href":"https:\/\/www.neu-kaliss.de\/museum\/wp-json\/wp\/v2\/pages\/26\/revisions\/192"}],"wp:attachment":[{"href":"https:\/\/www.neu-kaliss.de\/museum\/wp-json\/wp\/v2\/media?parent=26"}],"curies":[{"name":"wp","href":"https:\/\/api.w.org\/{rel}","templated":true}]}}