{"id":28,"date":"2020-02-27T11:02:02","date_gmt":"2020-02-27T10:02:02","guid":{"rendered":"http:\/\/www.neu-kaliss.de\/museum\/?page_id=28"},"modified":"2020-03-05T16:11:36","modified_gmt":"2020-03-05T15:11:36","slug":"oeffnungszeiten-kontakt","status":"publish","type":"page","link":"https:\/\/www.neu-kaliss.de\/museum\/oeffnungszeiten-kontakt\/","title":{"rendered":"\u00d6ffnungszeiten\/Kontakt"},"content":{"rendered":"<section class=\"wpb-content-wrapper\"><p>[vc_row full_width=&#8220;stretch_row_content_no_spaces&#8220;][vc_column el_class=&#8220;headerslider&#8220;][vc_single_image image=&#8220;88&#8243; img_size=&#8220;full&#8220; el_class=&#8220;minh&#8220;][\/vc_column][\/vc_row][vc_row el_class=&#8220;frunze&#8220;][vc_column][vc_row_inner css=&#8220;.vc_custom_1583217360091{padding-top: 5% !important;padding-bottom: 5% !important;}&#8220;][vc_column_inner width=&#8220;1\/4&#8243;][\/vc_column_inner][vc_column_inner width=&#8220;1\/2&#8243;][vc_custom_heading text=&#8220;HIER FINDEN SIE UNS &#8230;&#8220; font_container=&#8220;tag:h1|text_align:left|color:%23005250&#8243; use_theme_fonts=&#8220;yes&#8220;][vc_single_image image=&#8220;92&#8243; img_size=&#8220;full&#8220; alignment=&#8220;center&#8220;][vc_column_text]<\/p>\n<p style=\"text-align: center;\"><strong>Ihre Route mit GoogleMaps:<\/strong><\/p>\n<p style=\"text-align: center;\"><i class=\"fas fa-map-marker-alt\"><\/i><span style=\"text-decoration: underline;\"><span style=\"color: #005250;\"><a style=\"color: #005250; text-decoration: underline;\" href=\"https:\/\/goo.gl\/maps\/JUh8Xy9k5ukemcY18\" target=\"_blank\" rel=\"noopener noreferrer\">Karl-Marx-Stra\u00dfe 22, 19294 Alt Kali\u00df<\/a><\/span><\/span><\/p>\n<p>[\/vc_column_text][\/vc_column_inner][vc_column_inner width=&#8220;1\/4&#8243;][\/vc_column_inner][\/vc_row_inner][\/vc_column][\/vc_row][vc_row full_width=&#8220;stretch_row&#8220; css=&#8220;.vc_custom_1583220875805{padding-top: 1% !important;padding-right: 0px !important;padding-bottom: 1% !important;padding-left: 0px !important;background-color: #e1e9e2 !important;}&#8220; el_class=&#8220;linie&#8220;][vc_column][vc_row_inner css=&#8220;.vc_custom_1583220440069{margin-right: -30px !important;margin-left: -30px !important;padding-right: 0px !important;padding-left: 0px !important;}&#8220;][vc_column_inner width=&#8220;1\/3&#8243; css=&#8220;.vc_custom_1583220513744{margin-right: -15px !important;}&#8220;][vc_separator color=&#8220;black&#8220; align=&#8220;align_left&#8220; css_animation=&#8220;slideInLeft&#8220;][\/vc_column_inner][vc_column_inner width=&#8220;1\/3&#8243;][vc_custom_heading text=&#8220;\u00d6FFNUNGSZEITEN&#8220; font_container=&#8220;tag:h3|text_align:center&#8220; use_theme_fonts=&#8220;yes&#8220;][vc_column_text]<\/p>\n<p style=\"text-align: center;\">Das Regionalmuseum HANS JOACHIM B\u00d6TEF\u00dcR ist von <strong>Mai bis September immer mittwochs von 14:00 bis 16:00 Uhr und sonntags von 10:00 bis 12:00 Uhr ge\u00f6ffnet.<\/strong><\/p>\n<p style=\"text-align: center;\">Zur gleichen Zeit \u00f6ffnet das Forstmuseum auf der gegen\u00fcberliegenden Stra\u00dfenseite.<\/p>\n<p style=\"text-align: center;\">Individuelle \u00d6ffnungszeiten k\u00f6nnen telefonisch unter 0172 \/ 20 36 226 vereinbart werden. Hierzu erreichen Sie die Leiterin des Regionalmuseums, Frau Karin Koch.<\/p>\n<p>[\/vc_column_text][vc_icon color=&#8220;custom&#8220; size=&#8220;xs&#8220; align=&#8220;center&#8220; custom_color=&#8220;#e1e9e2&#8243; css=&#8220;.vc_custom_1583222451477{margin-top: 0px !important;margin-right: 0px !important;margin-bottom: 0px !important;margin-left: 0px !important;padding-top: 0px !important;padding-right: 0px !important;padding-bottom: 0px !important;padding-left: 0px !important;}&#8220;][\/vc_column_inner][vc_column_inner width=&#8220;1\/3&#8243;][vc_separator color=&#8220;black&#8220; align=&#8220;align_left&#8220; css_animation=&#8220;slideInRight&#8220;][\/vc_column_inner][\/vc_row_inner][\/vc_column][\/vc_row][vc_row][vc_column width=&#8220;1\/6&#8243;][\/vc_column][vc_column width=&#8220;2\/3&#8243;][vc_row_inner][vc_column_inner width=&#8220;1\/3&#8243;][vc_single_image image=&#8220;184&#8243; img_size=&#8220;full&#8220;][\/vc_column_inner][vc_column_inner width=&#8220;1\/3&#8243;][vc_single_image image=&#8220;185&#8243; img_size=&#8220;full&#8220;][\/vc_column_inner][vc_column_inner width=&#8220;1\/3&#8243;][vc_single_image image=&#8220;186&#8243; img_size=&#8220;full&#8220;][\/vc_column_inner][\/vc_row_inner][\/vc_column][vc_column width=&#8220;1\/6&#8243;][\/vc_column][\/vc_row]<\/p>\n<\/section>","protected":false},"excerpt":{"rendered":"<p>[vc_row full_width=&#8220;stretch_row_content_no_spaces&#8220;][vc_column el_class=&#8220;headerslider&#8220;][vc_single_image image=&#8220;88&#8243; img_size=&#8220;full&#8220; el_class=&#8220;minh&#8220;][\/vc_column][\/vc_row][vc_row el_class=&#8220;frunze&#8220;][vc_column][vc_row_inner css=&#8220;.vc_custom_1583217360091{padding-top: 5% !important;padding-bottom: 5% !important;}&#8220;][vc_column_inner width=&#8220;1\/4&#8243;][\/vc_column_inner][vc_column_inner width=&#8220;1\/2&#8243;][vc_custom_heading text=&#8220;HIER FINDEN SIE UNS &#8230;&#8220; font_container=&#8220;tag:h1|text_align:left|color:%23005250&#8243; use_theme_fonts=&#8220;yes&#8220;][vc_single_image image=&#8220;92&#8243; img_size=&#8220;full&#8220; alignment=&#8220;center&#8220;][vc_column_text] Ihre Route mit GoogleMaps: Karl-Marx-Stra\u00dfe 22, 19294 Alt Kali\u00df [\/vc_column_text][\/vc_column_inner][vc_column_inner width=&#8220;1\/4&#8243;][\/vc_column_inner][\/vc_row_inner][\/vc_column][\/vc_row][vc_row full_width=&#8220;stretch_row&#8220; css=&#8220;.vc_custom_1583220875805{padding-top: 1% !important;padding-right: 0px !important;padding-bottom: 1% !important;padding-left: 0px !important;background-color: #e1e9e2 !important;}&#8220; el_class=&#8220;linie&#8220;][vc_column][vc_row_inner css=&#8220;.vc_custom_1583220440069{margin-right: -30px !important;margin-left: -30px !important;padding-right: 0px !important;padding-left: [&hellip;]<\/p>\n","protected":false},"author":2,"featured_media":0,"parent":0,"menu_order":0,"comment_status":"closed","ping_status":"closed","template":"","meta":[],"yoast_head":"<!-- This site is optimized with the Yoast SEO plugin v20.5 - https:\/\/yoast.com\/wordpress\/plugins\/seo\/ -->\n<title>Regionalmuseum Neu Kali\u00df - \u00d6ffnungszeiten und Kontakt<\/title>\n<meta name=\"description\" content=\"Regionalmuseum Neu Kali\u00df &quot;HANS JOACHIM B\u00d6TEF\u00dcR&quot; - Karl-Marx-Stra\u00dfe 22, 19294 Alt Kali\u00df. Wir freuen uns auf Ihren Besuch innerhalb der Saisonzeiten.\" \/>\n<meta name=\"robots\" content=\"index, follow, max-snippet:-1, max-image-preview:large, max-video-preview:-1\" \/>\n<link rel=\"canonical\" href=\"https:\/\/www.neu-kaliss.de\/museum\/oeffnungszeiten-kontakt\/\" \/>\n<meta property=\"og:locale\" content=\"de_DE\" \/>\n<meta property=\"og:type\" content=\"article\" \/>\n<meta property=\"og:title\" content=\"Regionalmuseum Neu Kali\u00df - \u00d6ffnungszeiten und Kontakt\" \/>\n<meta property=\"og:description\" content=\"Regionalmuseum Neu Kali\u00df &quot;HANS JOACHIM B\u00d6TEF\u00dcR&quot; - Karl-Marx-Stra\u00dfe 22, 19294 Alt Kali\u00df. Wir freuen uns auf Ihren Besuch innerhalb der Saisonzeiten.\" \/>\n<meta property=\"og:url\" content=\"https:\/\/www.neu-kaliss.de\/museum\/oeffnungszeiten-kontakt\/\" \/>\n<meta property=\"og:site_name\" content=\"Neu Kali\u00df &quot;Regionalmuseum&quot;\" \/>\n<meta property=\"article:modified_time\" content=\"2020-03-05T15:11:36+00:00\" \/>\n<meta name=\"twitter:card\" content=\"summary_large_image\" \/>\n<meta name=\"twitter:label1\" content=\"Gesch\u00e4tzte Lesezeit\" \/>\n\t<meta name=\"twitter:data1\" content=\"2\u00a0Minuten\" \/>\n<script type=\"application\/ld+json\" class=\"yoast-schema-graph\">{\"@context\":\"https:\/\/schema.org\",\"@graph\":[{\"@type\":\"WebPage\",\"@id\":\"https:\/\/www.neu-kaliss.de\/museum\/oeffnungszeiten-kontakt\/\",\"url\":\"https:\/\/www.neu-kaliss.de\/museum\/oeffnungszeiten-kontakt\/\",\"name\":\"Regionalmuseum Neu Kali\u00df - \u00d6ffnungszeiten und Kontakt\",\"isPartOf\":{\"@id\":\"https:\/\/www.neu-kaliss.de\/museum\/#website\"},\"datePublished\":\"2020-02-27T10:02:02+00:00\",\"dateModified\":\"2020-03-05T15:11:36+00:00\",\"description\":\"Regionalmuseum Neu Kali\u00df \\\"HANS JOACHIM B\u00d6TEF\u00dcR\\\" - Karl-Marx-Stra\u00dfe 22, 19294 Alt Kali\u00df. Wir freuen uns auf Ihren Besuch innerhalb der Saisonzeiten.\",\"breadcrumb\":{\"@id\":\"https:\/\/www.neu-kaliss.de\/museum\/oeffnungszeiten-kontakt\/#breadcrumb\"},\"inLanguage\":\"de\",\"potentialAction\":[{\"@type\":\"ReadAction\",\"target\":[\"https:\/\/www.neu-kaliss.de\/museum\/oeffnungszeiten-kontakt\/\"]}]},{\"@type\":\"BreadcrumbList\",\"@id\":\"https:\/\/www.neu-kaliss.de\/museum\/oeffnungszeiten-kontakt\/#breadcrumb\",\"itemListElement\":[{\"@type\":\"ListItem\",\"position\":1,\"name\":\"Startseite\",\"item\":\"https:\/\/www.neu-kaliss.de\/museum\/\"},{\"@type\":\"ListItem\",\"position\":2,\"name\":\"\u00d6ffnungszeiten\/Kontakt\"}]},{\"@type\":\"WebSite\",\"@id\":\"https:\/\/www.neu-kaliss.de\/museum\/#website\",\"url\":\"https:\/\/www.neu-kaliss.de\/museum\/\",\"name\":\"Neu Kali\u00df &quot;Regionalmuseum&quot;\",\"description\":\"\",\"publisher\":{\"@id\":\"https:\/\/www.neu-kaliss.de\/museum\/#organization\"},\"potentialAction\":[{\"@type\":\"SearchAction\",\"target\":{\"@type\":\"EntryPoint\",\"urlTemplate\":\"https:\/\/www.neu-kaliss.de\/museum\/?s={search_term_string}\"},\"query-input\":\"required name=search_term_string\"}],\"inLanguage\":\"de\"},{\"@type\":\"Organization\",\"@id\":\"https:\/\/www.neu-kaliss.de\/museum\/#organization\",\"name\":\"Neu Kali\u00df &quot;Regionalmuseum&quot;\",\"url\":\"https:\/\/www.neu-kaliss.de\/museum\/\",\"logo\":{\"@type\":\"ImageObject\",\"inLanguage\":\"de\",\"@id\":\"https:\/\/www.neu-kaliss.de\/museum\/#\/schema\/logo\/image\/\",\"url\":\"https:\/\/www.neu-kaliss.de\/museum\/wp-content\/uploads\/logo.jpg\",\"contentUrl\":\"https:\/\/www.neu-kaliss.de\/museum\/wp-content\/uploads\/logo.jpg\",\"width\":534,\"height\":142,\"caption\":\"Neu Kali\u00df &quot;Regionalmuseum&quot;\"},\"image\":{\"@id\":\"https:\/\/www.neu-kaliss.de\/museum\/#\/schema\/logo\/image\/\"}}]}<\/script>\n<!-- \/ Yoast SEO plugin. -->","yoast_head_json":{"title":"Regionalmuseum Neu Kali\u00df - \u00d6ffnungszeiten und Kontakt","description":"Regionalmuseum Neu Kali\u00df \"HANS JOACHIM B\u00d6TEF\u00dcR\" - Karl-Marx-Stra\u00dfe 22, 19294 Alt Kali\u00df. Wir freuen uns auf Ihren Besuch innerhalb der Saisonzeiten.","robots":{"index":"index","follow":"follow","max-snippet":"max-snippet:-1","max-image-preview":"max-image-preview:large","max-video-preview":"max-video-preview:-1"},"canonical":"https:\/\/www.neu-kaliss.de\/museum\/oeffnungszeiten-kontakt\/","og_locale":"de_DE","og_type":"article","og_title":"Regionalmuseum Neu Kali\u00df - \u00d6ffnungszeiten und Kontakt","og_description":"Regionalmuseum Neu Kali\u00df \"HANS JOACHIM B\u00d6TEF\u00dcR\" - Karl-Marx-Stra\u00dfe 22, 19294 Alt Kali\u00df. Wir freuen uns auf Ihren Besuch innerhalb der Saisonzeiten.","og_url":"https:\/\/www.neu-kaliss.de\/museum\/oeffnungszeiten-kontakt\/","og_site_name":"Neu Kali\u00df &quot;Regionalmuseum&quot;","article_modified_time":"2020-03-05T15:11:36+00:00","twitter_card":"summary_large_image","twitter_misc":{"Gesch\u00e4tzte Lesezeit":"2\u00a0Minuten"},"schema":{"@context":"https:\/\/schema.org","@graph":[{"@type":"WebPage","@id":"https:\/\/www.neu-kaliss.de\/museum\/oeffnungszeiten-kontakt\/","url":"https:\/\/www.neu-kaliss.de\/museum\/oeffnungszeiten-kontakt\/","name":"Regionalmuseum Neu Kali\u00df - \u00d6ffnungszeiten und Kontakt","isPartOf":{"@id":"https:\/\/www.neu-kaliss.de\/museum\/#website"},"datePublished":"2020-02-27T10:02:02+00:00","dateModified":"2020-03-05T15:11:36+00:00","description":"Regionalmuseum Neu Kali\u00df \"HANS JOACHIM B\u00d6TEF\u00dcR\" - Karl-Marx-Stra\u00dfe 22, 19294 Alt Kali\u00df. Wir freuen uns auf Ihren Besuch innerhalb der Saisonzeiten.","breadcrumb":{"@id":"https:\/\/www.neu-kaliss.de\/museum\/oeffnungszeiten-kontakt\/#breadcrumb"},"inLanguage":"de","potentialAction":[{"@type":"ReadAction","target":["https:\/\/www.neu-kaliss.de\/museum\/oeffnungszeiten-kontakt\/"]}]},{"@type":"BreadcrumbList","@id":"https:\/\/www.neu-kaliss.de\/museum\/oeffnungszeiten-kontakt\/#breadcrumb","itemListElement":[{"@type":"ListItem","position":1,"name":"Startseite","item":"https:\/\/www.neu-kaliss.de\/museum\/"},{"@type":"ListItem","position":2,"name":"\u00d6ffnungszeiten\/Kontakt"}]},{"@type":"WebSite","@id":"https:\/\/www.neu-kaliss.de\/museum\/#website","url":"https:\/\/www.neu-kaliss.de\/museum\/","name":"Neu Kali\u00df &quot;Regionalmuseum&quot;","description":"","publisher":{"@id":"https:\/\/www.neu-kaliss.de\/museum\/#organization"},"potentialAction":[{"@type":"SearchAction","target":{"@type":"EntryPoint","urlTemplate":"https:\/\/www.neu-kaliss.de\/museum\/?s={search_term_string}"},"query-input":"required name=search_term_string"}],"inLanguage":"de"},{"@type":"Organization","@id":"https:\/\/www.neu-kaliss.de\/museum\/#organization","name":"Neu Kali\u00df &quot;Regionalmuseum&quot;","url":"https:\/\/www.neu-kaliss.de\/museum\/","logo":{"@type":"ImageObject","inLanguage":"de","@id":"https:\/\/www.neu-kaliss.de\/museum\/#\/schema\/logo\/image\/","url":"https:\/\/www.neu-kaliss.de\/museum\/wp-content\/uploads\/logo.jpg","contentUrl":"https:\/\/www.neu-kaliss.de\/museum\/wp-content\/uploads\/logo.jpg","width":534,"height":142,"caption":"Neu Kali\u00df &quot;Regionalmuseum&quot;"},"image":{"@id":"https:\/\/www.neu-kaliss.de\/museum\/#\/schema\/logo\/image\/"}}]}},"_links":{"self":[{"href":"https:\/\/www.neu-kaliss.de\/museum\/wp-json\/wp\/v2\/pages\/28"}],"collection":[{"href":"https:\/\/www.neu-kaliss.de\/museum\/wp-json\/wp\/v2\/pages"}],"about":[{"href":"https:\/\/www.neu-kaliss.de\/museum\/wp-json\/wp\/v2\/types\/page"}],"author":[{"embeddable":true,"href":"https:\/\/www.neu-kaliss.de\/museum\/wp-json\/wp\/v2\/users\/2"}],"replies":[{"embeddable":true,"href":"https:\/\/www.neu-kaliss.de\/museum\/wp-json\/wp\/v2\/comments?post=28"}],"version-history":[{"count":9,"href":"https:\/\/www.neu-kaliss.de\/museum\/wp-json\/wp\/v2\/pages\/28\/revisions"}],"predecessor-version":[{"id":189,"href":"https:\/\/www.neu-kaliss.de\/museum\/wp-json\/wp\/v2\/pages\/28\/revisions\/189"}],"wp:attachment":[{"href":"https:\/\/www.neu-kaliss.de\/museum\/wp-json\/wp\/v2\/media?parent=28"}],"curies":[{"name":"wp","href":"https:\/\/api.w.org\/{rel}","templated":true}]}}