{"id":30,"date":"2020-02-27T11:02:12","date_gmt":"2020-02-27T10:02:12","guid":{"rendered":"http:\/\/www.neu-kaliss.de\/museum\/?page_id=30"},"modified":"2022-11-07T10:33:29","modified_gmt":"2022-11-07T09:33:29","slug":"impressum","status":"publish","type":"page","link":"https:\/\/www.neu-kaliss.de\/museum\/impressum\/","title":{"rendered":"Impressum"},"content":{"rendered":"<section class=\"wpb-content-wrapper\"><p>[vc_row full_width=&#8220;stretch_row_content_no_spaces&#8220;][vc_column el_class=&#8220;headerslider&#8220;][vc_single_image image=&#8220;88&#8243; img_size=&#8220;full&#8220; el_class=&#8220;minh&#8220;][\/vc_column][\/vc_row][vc_row el_class=&#8220;frunze&#8220;][vc_column][vc_row_inner css=&#8220;.vc_custom_1583217360091{padding-top: 5% !important;padding-bottom: 5% !important;}&#8220;][vc_column_inner width=&#8220;1\/4&#8243;][\/vc_column_inner][vc_column_inner width=&#8220;1\/2&#8243;][vc_custom_heading text=&#8220;Impressum&#8220; font_container=&#8220;tag:h1|text_align:left|color:%23005250&#8243; use_theme_fonts=&#8220;yes&#8220;][vc_column_text]<strong>Regionalmuseum Neu Kali\u00df &#8211; Hans Joachim B\u00f6tef\u00fcr<\/strong><\/p>\n<p><strong>Gemeinde Neu Kali\u00df<\/strong><br \/>\n<strong>\u00fcber Amt D\u00f6mitz-Malli\u00df<\/strong><br \/>\n<strong>Sl\u00fcterplatz 2<\/strong><\/p>\n<p><strong>19303 D\u00f6mitz<\/strong><\/p>\n<p>Leitung: Karin Koch<br \/>\nTel: 0172 &#8211; 20 36 226<\/p>\n<hr \/>\n<p>Disclaimer:<br \/>\nBei direkten oder indirekten Verweisen auf fremde Webseiten (\u201cHyperlinks\u201d), die au\u00dferhalb des Verantwortungsbereiches des Autors liegen, w\u00fcrde eine Haftungsverpflichtung ausschlie\u00dflich in dem Fall in Kraft treten, in dem der Autor von den Inhalten Kenntnis hat und es ihm technisch m\u00f6glich und zumutbar w\u00e4re, die Nutzung im Falle rechtswidriger Inhalte zu verhindern. Der Autor erkl\u00e4rt hiermit ausdr\u00fccklich, dass zum Zeitpunkt der Linksetzung keine illegalen Inhalte auf den zu verlinkenden Seiten erkennbar waren. Auf die aktuelle und zuk\u00fcnftige Gestaltung, die Inhalte oder die Urheberschaft der verlinkten\/verkn\u00fcpften Seiten hat der Autor keinerlei Einfluss. Deshalb distanziert er sich hiermit ausdr\u00fccklich von allen Inhalten aller verlinkten \/verkn\u00fcpften Seiten, die nach der Linksetzung ver\u00e4ndert wurden. Diese Feststellung gilt f\u00fcr alle innerhalb des eigenen Internetangebotes gesetzten Links und Verweise sowie f\u00fcr Fremdeintr\u00e4ge in vom Autor eingerichteten G\u00e4steb\u00fcchern, Diskussionsforen, Linkverzeichnissen, Mailinglisten und in allen anderen Formen von Datenbanken, auf deren Inhalt externe Schreibzugriffe m\u00f6glich sind. F\u00fcr illegale, fehlerhafte oder unvollst\u00e4ndige Inhalte und insbesondere f\u00fcr Sch\u00e4den, die aus der Nutzung oder Nichtnutzung solcherart dargebotener Informationen entstehen, haftet allein der Anbieter der Seite, auf welche verwiesen wurde, nicht derjenige, der \u00fcber Links auf die jeweilige Ver\u00f6ffentlichung lediglich verweist.<\/p>\n<hr \/>\n<p>[\/vc_column_text][\/vc_column_inner][vc_column_inner width=&#8220;1\/4&#8243;][\/vc_column_inner][\/vc_row_inner][\/vc_column][\/vc_row][vc_row full_width=&#8220;stretch_row&#8220; css=&#8220;.vc_custom_1583220875805{padding-top: 1% !important;padding-right: 0px !important;padding-bottom: 1% !important;padding-left: 0px !important;background-color: #e1e9e2 !important;}&#8220; el_class=&#8220;linie&#8220;][vc_column][vc_row_inner css=&#8220;.vc_custom_1583220440069{margin-right: -30px !important;margin-left: -30px !important;padding-right: 0px !important;padding-left: 0px !important;}&#8220;][vc_column_inner width=&#8220;1\/3&#8243; css=&#8220;.vc_custom_1583220513744{margin-right: -15px !important;}&#8220;][vc_separator color=&#8220;black&#8220; align=&#8220;align_left&#8220; css_animation=&#8220;slideInLeft&#8220;][\/vc_column_inner][vc_column_inner width=&#8220;1\/3&#8243;][vc_custom_heading text=&#8220;\u00d6FFNUNGSZEITEN&#8220; font_container=&#8220;tag:h3|text_align:center&#8220; use_theme_fonts=&#8220;yes&#8220;][vc_column_text]<\/p>\n<p style=\"text-align: center;\">Das Regionalmuseum HANS JOACHIM B\u00d6TEF\u00dcR ist von <strong>Mai bis September immer mittwochs von 14:00 bis 16:00 Uhr und sonntags von 10:00 bis 12:00 Uhr ge\u00f6ffnet.<\/strong><\/p>\n<p style=\"text-align: center;\">Zur gleichen Zeit \u00f6ffnet das Forstmuseum auf der gegen\u00fcberliegenden Stra\u00dfenseite.<\/p>\n<p style=\"text-align: center;\">Individuelle \u00d6ffnungszeiten k\u00f6nnen telefonisch unter 0172 \/ 20 36 226 vereinbart werden. Hierzu erreichen Sie die Leiterin des Regionalmuseums, Frau Karin Koch.<\/p>\n<p>[\/vc_column_text][vc_column_text]<\/p>\n<p style=\"text-align: center;\"><i class=\"fas fa-map-marker-alt\"><\/i><span style=\"text-decoration: underline;\"><span style=\"color: #005250;\"><a style=\"color: #005250; text-decoration: underline;\" href=\"https:\/\/goo.gl\/maps\/JUh8Xy9k5ukemcY18\" target=\"_blank\" rel=\"noopener noreferrer\">Karl-Marx-Stra\u00dfe 22, 19294 Alt Kali\u00df<\/a><\/span><\/span><\/p>\n<p>[\/vc_column_text][vc_icon color=&#8220;custom&#8220; size=&#8220;xs&#8220; align=&#8220;center&#8220; custom_color=&#8220;#e1e9e2&#8243; css=&#8220;.vc_custom_1583222451477{margin-top: 0px !important;margin-right: 0px !important;margin-bottom: 0px !important;margin-left: 0px !important;padding-top: 0px !important;padding-right: 0px !important;padding-bottom: 0px !important;padding-left: 0px !important;}&#8220;][\/vc_column_inner][vc_column_inner width=&#8220;1\/3&#8243;][vc_separator color=&#8220;black&#8220; align=&#8220;align_left&#8220; css_animation=&#8220;slideInRight&#8220;][\/vc_column_inner][\/vc_row_inner][\/vc_column][\/vc_row][vc_row][vc_column width=&#8220;1\/6&#8243;][\/vc_column][vc_column width=&#8220;2\/3&#8243;][vc_row_inner][vc_column_inner width=&#8220;1\/3&#8243;][vc_single_image image=&#8220;61&#8243; img_size=&#8220;full&#8220;][\/vc_column_inner][vc_column_inner width=&#8220;1\/3&#8243;][vc_single_image image=&#8220;62&#8243; img_size=&#8220;full&#8220;][\/vc_column_inner][vc_column_inner width=&#8220;1\/3&#8243;][vc_single_image image=&#8220;63&#8243; img_size=&#8220;full&#8220;][\/vc_column_inner][\/vc_row_inner][\/vc_column][vc_column width=&#8220;1\/6&#8243;][\/vc_column][\/vc_row]<\/p>\n<\/section>","protected":false},"excerpt":{"rendered":"<p>[vc_row full_width=&#8220;stretch_row_content_no_spaces&#8220;][vc_column el_class=&#8220;headerslider&#8220;][vc_single_image image=&#8220;88&#8243; img_size=&#8220;full&#8220; el_class=&#8220;minh&#8220;][\/vc_column][\/vc_row][vc_row el_class=&#8220;frunze&#8220;][vc_column][vc_row_inner css=&#8220;.vc_custom_1583217360091{padding-top: 5% !important;padding-bottom: 5% !important;}&#8220;][vc_column_inner width=&#8220;1\/4&#8243;][\/vc_column_inner][vc_column_inner width=&#8220;1\/2&#8243;][vc_custom_heading text=&#8220;Impressum&#8220; font_container=&#8220;tag:h1|text_align:left|color:%23005250&#8243; use_theme_fonts=&#8220;yes&#8220;][vc_column_text]Regionalmuseum Neu Kali\u00df &#8211; Hans Joachim B\u00f6tef\u00fcr Gemeinde Neu Kali\u00df \u00fcber Amt D\u00f6mitz-Malli\u00df Sl\u00fcterplatz 2 19303 D\u00f6mitz Leitung: Karin Koch Tel: 0172 &#8211; 20 36 226 Disclaimer: Bei direkten oder indirekten Verweisen auf fremde Webseiten (\u201cHyperlinks\u201d), die au\u00dferhalb des [&hellip;]<\/p>\n","protected":false},"author":2,"featured_media":0,"parent":0,"menu_order":0,"comment_status":"closed","ping_status":"closed","template":"","meta":[],"yoast_head":"<!-- This site is optimized with the Yoast SEO plugin v20.5 - https:\/\/yoast.com\/wordpress\/plugins\/seo\/ -->\n<title>Impressum &amp; Rechtliche Hinweise<\/title>\n<meta name=\"description\" content=\"Sie finden hier das Impressum des Regionalmuseum Hans Joachim B\u00f6tef\u00fcr. Vielen Dank f\u00fcr Ihren Besuch.\" \/>\n<meta name=\"robots\" content=\"index, follow, max-snippet:-1, max-image-preview:large, max-video-preview:-1\" \/>\n<link rel=\"canonical\" href=\"https:\/\/www.neu-kaliss.de\/museum\/impressum\/\" \/>\n<meta property=\"og:locale\" content=\"de_DE\" \/>\n<meta property=\"og:type\" content=\"article\" \/>\n<meta property=\"og:title\" content=\"Impressum &amp; Rechtliche Hinweise\" \/>\n<meta property=\"og:description\" content=\"Sie finden hier das Impressum des Regionalmuseum Hans Joachim B\u00f6tef\u00fcr. Vielen Dank f\u00fcr Ihren Besuch.\" \/>\n<meta property=\"og:url\" content=\"https:\/\/www.neu-kaliss.de\/museum\/impressum\/\" \/>\n<meta property=\"og:site_name\" content=\"Neu Kali\u00df &quot;Regionalmuseum&quot;\" \/>\n<meta property=\"article:modified_time\" content=\"2022-11-07T09:33:29+00:00\" \/>\n<meta name=\"twitter:card\" content=\"summary_large_image\" \/>\n<meta name=\"twitter:label1\" content=\"Gesch\u00e4tzte Lesezeit\" \/>\n\t<meta name=\"twitter:data1\" content=\"3\u00a0Minuten\" \/>\n<script type=\"application\/ld+json\" class=\"yoast-schema-graph\">{\"@context\":\"https:\/\/schema.org\",\"@graph\":[{\"@type\":\"WebPage\",\"@id\":\"https:\/\/www.neu-kaliss.de\/museum\/impressum\/\",\"url\":\"https:\/\/www.neu-kaliss.de\/museum\/impressum\/\",\"name\":\"Impressum & Rechtliche Hinweise\",\"isPartOf\":{\"@id\":\"https:\/\/www.neu-kaliss.de\/museum\/#website\"},\"datePublished\":\"2020-02-27T10:02:12+00:00\",\"dateModified\":\"2022-11-07T09:33:29+00:00\",\"description\":\"Sie finden hier das Impressum des Regionalmuseum Hans Joachim B\u00f6tef\u00fcr. Vielen Dank f\u00fcr Ihren Besuch.\",\"breadcrumb\":{\"@id\":\"https:\/\/www.neu-kaliss.de\/museum\/impressum\/#breadcrumb\"},\"inLanguage\":\"de\",\"potentialAction\":[{\"@type\":\"ReadAction\",\"target\":[\"https:\/\/www.neu-kaliss.de\/museum\/impressum\/\"]}]},{\"@type\":\"BreadcrumbList\",\"@id\":\"https:\/\/www.neu-kaliss.de\/museum\/impressum\/#breadcrumb\",\"itemListElement\":[{\"@type\":\"ListItem\",\"position\":1,\"name\":\"Startseite\",\"item\":\"https:\/\/www.neu-kaliss.de\/museum\/\"},{\"@type\":\"ListItem\",\"position\":2,\"name\":\"Impressum\"}]},{\"@type\":\"WebSite\",\"@id\":\"https:\/\/www.neu-kaliss.de\/museum\/#website\",\"url\":\"https:\/\/www.neu-kaliss.de\/museum\/\",\"name\":\"Neu Kali\u00df &quot;Regionalmuseum&quot;\",\"description\":\"\",\"publisher\":{\"@id\":\"https:\/\/www.neu-kaliss.de\/museum\/#organization\"},\"potentialAction\":[{\"@type\":\"SearchAction\",\"target\":{\"@type\":\"EntryPoint\",\"urlTemplate\":\"https:\/\/www.neu-kaliss.de\/museum\/?s={search_term_string}\"},\"query-input\":\"required name=search_term_string\"}],\"inLanguage\":\"de\"},{\"@type\":\"Organization\",\"@id\":\"https:\/\/www.neu-kaliss.de\/museum\/#organization\",\"name\":\"Neu Kali\u00df &quot;Regionalmuseum&quot;\",\"url\":\"https:\/\/www.neu-kaliss.de\/museum\/\",\"logo\":{\"@type\":\"ImageObject\",\"inLanguage\":\"de\",\"@id\":\"https:\/\/www.neu-kaliss.de\/museum\/#\/schema\/logo\/image\/\",\"url\":\"https:\/\/www.neu-kaliss.de\/museum\/wp-content\/uploads\/logo.jpg\",\"contentUrl\":\"https:\/\/www.neu-kaliss.de\/museum\/wp-content\/uploads\/logo.jpg\",\"width\":534,\"height\":142,\"caption\":\"Neu Kali\u00df &quot;Regionalmuseum&quot;\"},\"image\":{\"@id\":\"https:\/\/www.neu-kaliss.de\/museum\/#\/schema\/logo\/image\/\"}}]}<\/script>\n<!-- \/ Yoast SEO plugin. -->","yoast_head_json":{"title":"Impressum & Rechtliche Hinweise","description":"Sie finden hier das Impressum des Regionalmuseum Hans Joachim B\u00f6tef\u00fcr. Vielen Dank f\u00fcr Ihren Besuch.","robots":{"index":"index","follow":"follow","max-snippet":"max-snippet:-1","max-image-preview":"max-image-preview:large","max-video-preview":"max-video-preview:-1"},"canonical":"https:\/\/www.neu-kaliss.de\/museum\/impressum\/","og_locale":"de_DE","og_type":"article","og_title":"Impressum & Rechtliche Hinweise","og_description":"Sie finden hier das Impressum des Regionalmuseum Hans Joachim B\u00f6tef\u00fcr. Vielen Dank f\u00fcr Ihren Besuch.","og_url":"https:\/\/www.neu-kaliss.de\/museum\/impressum\/","og_site_name":"Neu Kali\u00df &quot;Regionalmuseum&quot;","article_modified_time":"2022-11-07T09:33:29+00:00","twitter_card":"summary_large_image","twitter_misc":{"Gesch\u00e4tzte Lesezeit":"3\u00a0Minuten"},"schema":{"@context":"https:\/\/schema.org","@graph":[{"@type":"WebPage","@id":"https:\/\/www.neu-kaliss.de\/museum\/impressum\/","url":"https:\/\/www.neu-kaliss.de\/museum\/impressum\/","name":"Impressum & Rechtliche Hinweise","isPartOf":{"@id":"https:\/\/www.neu-kaliss.de\/museum\/#website"},"datePublished":"2020-02-27T10:02:12+00:00","dateModified":"2022-11-07T09:33:29+00:00","description":"Sie finden hier das Impressum des Regionalmuseum Hans Joachim B\u00f6tef\u00fcr. Vielen Dank f\u00fcr Ihren Besuch.","breadcrumb":{"@id":"https:\/\/www.neu-kaliss.de\/museum\/impressum\/#breadcrumb"},"inLanguage":"de","potentialAction":[{"@type":"ReadAction","target":["https:\/\/www.neu-kaliss.de\/museum\/impressum\/"]}]},{"@type":"BreadcrumbList","@id":"https:\/\/www.neu-kaliss.de\/museum\/impressum\/#breadcrumb","itemListElement":[{"@type":"ListItem","position":1,"name":"Startseite","item":"https:\/\/www.neu-kaliss.de\/museum\/"},{"@type":"ListItem","position":2,"name":"Impressum"}]},{"@type":"WebSite","@id":"https:\/\/www.neu-kaliss.de\/museum\/#website","url":"https:\/\/www.neu-kaliss.de\/museum\/","name":"Neu Kali\u00df &quot;Regionalmuseum&quot;","description":"","publisher":{"@id":"https:\/\/www.neu-kaliss.de\/museum\/#organization"},"potentialAction":[{"@type":"SearchAction","target":{"@type":"EntryPoint","urlTemplate":"https:\/\/www.neu-kaliss.de\/museum\/?s={search_term_string}"},"query-input":"required name=search_term_string"}],"inLanguage":"de"},{"@type":"Organization","@id":"https:\/\/www.neu-kaliss.de\/museum\/#organization","name":"Neu Kali\u00df &quot;Regionalmuseum&quot;","url":"https:\/\/www.neu-kaliss.de\/museum\/","logo":{"@type":"ImageObject","inLanguage":"de","@id":"https:\/\/www.neu-kaliss.de\/museum\/#\/schema\/logo\/image\/","url":"https:\/\/www.neu-kaliss.de\/museum\/wp-content\/uploads\/logo.jpg","contentUrl":"https:\/\/www.neu-kaliss.de\/museum\/wp-content\/uploads\/logo.jpg","width":534,"height":142,"caption":"Neu Kali\u00df &quot;Regionalmuseum&quot;"},"image":{"@id":"https:\/\/www.neu-kaliss.de\/museum\/#\/schema\/logo\/image\/"}}]}},"_links":{"self":[{"href":"https:\/\/www.neu-kaliss.de\/museum\/wp-json\/wp\/v2\/pages\/30"}],"collection":[{"href":"https:\/\/www.neu-kaliss.de\/museum\/wp-json\/wp\/v2\/pages"}],"about":[{"href":"https:\/\/www.neu-kaliss.de\/museum\/wp-json\/wp\/v2\/types\/page"}],"author":[{"embeddable":true,"href":"https:\/\/www.neu-kaliss.de\/museum\/wp-json\/wp\/v2\/users\/2"}],"replies":[{"embeddable":true,"href":"https:\/\/www.neu-kaliss.de\/museum\/wp-json\/wp\/v2\/comments?post=30"}],"version-history":[{"count":6,"href":"https:\/\/www.neu-kaliss.de\/museum\/wp-json\/wp\/v2\/pages\/30\/revisions"}],"predecessor-version":[{"id":194,"href":"https:\/\/www.neu-kaliss.de\/museum\/wp-json\/wp\/v2\/pages\/30\/revisions\/194"}],"wp:attachment":[{"href":"https:\/\/www.neu-kaliss.de\/museum\/wp-json\/wp\/v2\/media?parent=30"}],"curies":[{"name":"wp","href":"https:\/\/api.w.org\/{rel}","templated":true}]}}